{"id":635,"date":"2019-10-11T12:37:31","date_gmt":"2019-10-11T10:37:31","guid":{"rendered":"http:\/\/www.oagvm.sk\/wpsk\/?page_id=635"},"modified":"2026-04-10T14:35:57","modified_gmt":"2026-04-10T12:35:57","slug":"sulilaz-2","status":"publish","type":"page","link":"http:\/\/www.oagvm.sk\/wpsk\/?page_id=635","title":{"rendered":"\u0160kolsk\u00e1 hor\u00fa\u010dka"},"content":{"rendered":"<p style=\"text-align: center;\"><span style=\"color: #990033; font-size: x-large;\"><strong>2025\/2026<br \/>\n<\/strong><\/span><\/p>\n<p style=\"text-align: center;\"><iframe loading=\"lazy\" title=\"Sulil\u00e1z - \u0160kolsk\u00e1 hor\u00fa\u010dka 175\" src=\"https:\/\/www.youtube.com\/embed\/xjsED0pLhNo?si=jPa6a3t5jU6sPWMp\" width=\"560\" height=\"315\" frameborder=\"0\" allowfullscreen=\"allowfullscreen\"><\/iframe><\/p>\n<p style=\"text-align: center;\"><iframe loading=\"lazy\" title=\"Sulil\u00e1z - \u0160kolsk\u00e1 hor\u00fa\u010dka 174\" src=\"https:\/\/www.youtube.com\/embed\/LckuKAIJwF8?si=tmad-C8suDnoGl7T\" width=\"560\" height=\"315\" frameborder=\"0\" allowfullscreen=\"allowfullscreen\"><\/iframe><\/p>\n<p style=\"text-align: center;\"><iframe loading=\"lazy\" title=\"Sulil\u00e1z - \u0160kolsk\u00e1 hor\u00fa\u010dka 173\" src=\"https:\/\/www.youtube.com\/embed\/LjbCY1kbeC8?si=XlD2aXPgTjzqQTgy\" width=\"560\" height=\"315\" frameborder=\"0\" allowfullscreen=\"allowfullscreen\"><\/iframe><\/p>\n<p style=\"text-align: center;\"><iframe loading=\"lazy\" title=\"Sulil\u00e1z - \u0160kolsk\u00e1 hor\u00fa\u010dka 172\" src=\"https:\/\/www.youtube.com\/embed\/hAazB-Y7VBQ?si=6_kdhFLhO27TK9eb\" width=\"560\" height=\"315\" frameborder=\"0\" allowfullscreen=\"allowfullscreen\"><\/iframe><\/p>\n<p style=\"text-align: center;\"><iframe loading=\"lazy\" title=\"Sulil\u00e1z - \u0160kolsk\u00e1 hor\u00fa\u010dka 171\" src=\"https:\/\/www.youtube.com\/embed\/WUgP_Qum6Do?si=Lb0VwYJFEheowv6H\" width=\"560\" height=\"315\" frameborder=\"0\" allowfullscreen=\"allowfullscreen\"><\/iframe><\/p>\n<p style=\"text-align: center;\"><iframe loading=\"lazy\" title=\"Sulil\u00e1z - \u0160kolsk\u00e1 hor\u00fa\u010dka 170\" src=\"https:\/\/www.youtube.com\/embed\/jKeY6PWpraY?si=nXJ2bvCTXRQzbkgC\" width=\"560\" height=\"315\" frameborder=\"0\" allowfullscreen=\"allowfullscreen\"><\/iframe><\/p>\n<p style=\"text-align: center;\"><iframe loading=\"lazy\" title=\"Sulil\u00e1z - \u0160kolsk\u00e1 hor\u00fa\u010dka 169\" src=\"https:\/\/www.youtube.com\/embed\/mCRq56ZDgt0?si=4X2opU8qrX08zzC5\" width=\"560\" height=\"315\" frameborder=\"0\" allowfullscreen=\"allowfullscreen\"><\/iframe><\/p>\n<p style=\"text-align: center;\"><iframe loading=\"lazy\" title=\"Sulil\u00e1z - \u0160kolsk\u00e1 hor\u00fa\u010dka 168\" src=\"https:\/\/www.youtube.com\/embed\/ZyemEpoQDpY?si=S2ZAhRycrR7HxFHc\" width=\"560\" height=\"315\" frameborder=\"0\" allowfullscreen=\"allowfullscreen\"><\/iframe><\/p>\n<p style=\"text-align: center;\"><span style=\"color: #990033; font-size: x-large;\"><strong>2024\/2025<br \/>\n<\/strong><\/span><\/p>\n<p style=\"text-align: center;\"><iframe loading=\"lazy\" title=\"Sulil\u00e1z - \u0160kolsk\u00e1 hor\u00fa\u010dka 167\" src=\"https:\/\/www.youtube.com\/embed\/FIfBkn6ajF4?si=2WB4L3WCe40sbUjs\" width=\"560\" height=\"315\" frameborder=\"0\" allowfullscreen=\"allowfullscreen\"><\/iframe><\/p>\n<p style=\"text-align: center;\"><iframe loading=\"lazy\" title=\"Sulil\u00e1z - \u0160kolsk\u00e1 hor\u00fa\u010dka 166\" src=\"https:\/\/www.youtube.com\/embed\/E87IFLUAlok?si=bpJH3xmBe9mVXduU\" width=\"560\" height=\"315\" frameborder=\"0\" allowfullscreen=\"allowfullscreen\"><\/iframe><\/p>\n<p style=\"text-align: center;\"><iframe loading=\"lazy\" title=\"Sulil\u00e1z - \u0160kolsk\u00e1 hor\u00fa\u010dka 165\" src=\"https:\/\/www.youtube.com\/embed\/kVqD3GabRTQ?si=IOmgPcZSGjrIDMjy\" width=\"560\" height=\"315\" frameborder=\"0\" allowfullscreen=\"allowfullscreen\"><\/iframe><\/p>\n<p style=\"text-align: center;\"><iframe loading=\"lazy\" title=\"Sulil\u00e1z - \u0160kolsk\u00e1 hor\u00fa\u010dka 164\" src=\"https:\/\/www.youtube.com\/embed\/cHW5zu4m-CQ?si=aDZ1kSTcE1rv7Ai9\" width=\"560\" height=\"315\" frameborder=\"0\" allowfullscreen=\"allowfullscreen\"><\/iframe><\/p>\n<p style=\"text-align: center;\"><iframe loading=\"lazy\" title=\"Sulil\u00e1z - \u0160kolsk\u00e1 hor\u00fa\u010dka 163\" src=\"https:\/\/www.youtube.com\/embed\/TxPnWz9-ZkE?si=gU1RmBP5U5WMXv4C\" width=\"560\" height=\"315\" frameborder=\"0\" allowfullscreen=\"allowfullscreen\"><\/iframe><\/p>\n<p style=\"text-align: center;\"><iframe loading=\"lazy\" title=\"Sulil\u00e1z - \u0160kolsk\u00e1 hor\u00fa\u010dka 162\" src=\"https:\/\/www.youtube.com\/embed\/N-PdlZVrBB8?si=wAMo12ZXTrkBk7LA\" width=\"560\" height=\"315\" frameborder=\"0\" allowfullscreen=\"allowfullscreen\"><\/iframe><\/p>\n<p style=\"text-align: center;\"><iframe loading=\"lazy\" title=\"Sulil\u00e1z - \u0160kolsk\u00e1 hor\u00fa\u010dka 161\" src=\"https:\/\/www.youtube.com\/embed\/xATmhALismM?si=zA4nR7VLSwpY48Qn\" width=\"560\" height=\"315\" frameborder=\"0\" allowfullscreen=\"allowfullscreen\"><\/iframe><\/p>\n<p style=\"text-align: center;\"><iframe loading=\"lazy\" title=\"Sulil\u00e1z - \u0160kolsk\u00e1 hor\u00fa\u010dka 160\" src=\"https:\/\/www.youtube.com\/embed\/iC83SULMpbA?si=6vSyD_6N5GVi8A07\" width=\"560\" height=\"315\" frameborder=\"0\" allowfullscreen=\"allowfullscreen\"><\/iframe><\/p>\n<p style=\"text-align: center;\"><iframe loading=\"lazy\" title=\"Sulil\u00e1z - \u0160kolsk\u00e1 hor\u00fa\u010dka 159\" src=\"https:\/\/www.youtube.com\/embed\/mGDH2nx47V8?si=SlCmZn-v2P-hS1qF\" width=\"560\" height=\"315\" frameborder=\"0\" allowfullscreen=\"allowfullscreen\"><\/iframe><\/p>\n<p style=\"text-align: center;\"><iframe loading=\"lazy\" title=\"Sulil\u00e1z - \u0160kolsk\u00e1 hor\u00fa\u010dka 158\" src=\"https:\/\/www.youtube.com\/embed\/lG2zLIwn2Y4?si=3WMJgmauAI6U8pYn\" width=\"560\" height=\"315\" frameborder=\"0\" allowfullscreen=\"allowfullscreen\"><\/iframe><\/p>\n<p style=\"text-align: center;\"><iframe loading=\"lazy\" title=\"Sulil\u00e1z - \u0160kolsk\u00e1 hor\u00fa\u010dka 157\" src=\"https:\/\/www.youtube.com\/embed\/reWA1srpMrs?si=Pz-JRnY0Rr3uow2U\" width=\"560\" height=\"315\" frameborder=\"0\" allowfullscreen=\"allowfullscreen\"><\/iframe><\/p>\n<p style=\"text-align: center;\"><iframe loading=\"lazy\" title=\"Sulil\u00e1z - \u0160kolsk\u00e1 hor\u00fa\u010dka 156\" src=\"https:\/\/www.youtube.com\/embed\/eFw7KK8Z-aM?si=u5zXVlzAP6LgGx7h\" width=\"560\" height=\"315\" frameborder=\"0\" allowfullscreen=\"allowfullscreen\"><\/iframe><\/p>\n<p style=\"text-align: center;\"><iframe loading=\"lazy\" title=\"Sulil\u00e1z - \u0160kolsk\u00e1 hor\u00fa\u010dka 155\" src=\"https:\/\/www.youtube.com\/embed\/EAr2Dm0Mt28?si=MYqwsL722sHHUZG7\" width=\"560\" height=\"315\" frameborder=\"0\" allowfullscreen=\"allowfullscreen\"><\/iframe><\/p>\n<p style=\"text-align: center;\"><iframe loading=\"lazy\" title=\"Sulil\u00e1z - \u0160kolsk\u00e1 hor\u00fa\u010dka 154\" src=\"https:\/\/www.youtube.com\/embed\/unoZUXQo-Ts?si=LrFnVjTyv6SxGpdn\" width=\"560\" height=\"315\" frameborder=\"0\" allowfullscreen=\"allowfullscreen\"><\/iframe><\/p>\n<p style=\"text-align: center;\"><iframe loading=\"lazy\" title=\"Sulil\u00e1z - \u0160kolsk\u00e1 hor\u00fa\u010dka 153\" src=\"https:\/\/www.youtube.com\/embed\/iftdE59e5iI?si=Gm2D1oNkFNtfKKL8\" width=\"560\" height=\"315\" frameborder=\"0\" allowfullscreen=\"allowfullscreen\"><\/iframe><\/p>\n<p style=\"text-align: center;\"><span style=\"color: #990033; font-size: x-large;\"><strong>2023\/2024<br \/>\n<\/strong><\/span><\/p>\n<p style=\"text-align: center;\"><iframe loading=\"lazy\" title=\"Sulil\u00e1z - \u0160kolsk\u00e1 hor\u00fa\u010dka 152\" src=\"https:\/\/www.youtube.com\/embed\/YTvVzx5RjLc?si=sI_R0iHHrrLhawxf\" width=\"560\" height=\"315\" frameborder=\"0\" allowfullscreen=\"allowfullscreen\"><\/iframe><\/p>\n<p style=\"text-align: center;\"><iframe loading=\"lazy\" title=\"Sulil\u00e1z - \u0160kolsk\u00e1 hor\u00fa\u010dka 151\" src=\"https:\/\/www.youtube.com\/embed\/eDIv2eAbxas?si=6RlwlBxQfebgFD9n\" width=\"560\" height=\"315\" frameborder=\"0\" allowfullscreen=\"allowfullscreen\"><\/iframe><\/p>\n<p style=\"text-align: center;\"><iframe loading=\"lazy\" title=\"Sulil\u00e1z - \u0160kolsk\u00e1 hor\u00fa\u010dka 150\" src=\"https:\/\/www.youtube.com\/embed\/kVrHzwMgMhM?si=HqUgfp_2D7lctrDy\" width=\"560\" height=\"315\" frameborder=\"0\" allowfullscreen=\"allowfullscreen\"><\/iframe><\/p>\n<p style=\"text-align: center;\"><iframe loading=\"lazy\" title=\"Sulil\u00e1z - \u0160kolsk\u00e1 hor\u00fa\u010dka 149\" src=\"https:\/\/www.youtube.com\/embed\/EIAqFVuh4SY?si=xet95Bs7zw-hccKb\" width=\"560\" height=\"315\" frameborder=\"0\" allowfullscreen=\"allowfullscreen\"><\/iframe><\/p>\n<p style=\"text-align: center;\"><iframe loading=\"lazy\" title=\"Sulil\u00e1z - \u0160kolsk\u00e1 hor\u00fa\u010dka 148\" src=\"https:\/\/www.youtube.com\/embed\/E1k42be5h_M?si=GCI6c_s8e8-0Kjkp\" width=\"560\" height=\"315\" frameborder=\"0\" allowfullscreen=\"allowfullscreen\"><\/iframe><\/p>\n<p style=\"text-align: center;\"><iframe loading=\"lazy\" title=\"Sulil\u00e1z - \u0160kolsk\u00e1 hor\u00fa\u010dka 147\" src=\"https:\/\/www.youtube.com\/embed\/N4DxyVH5cSo?si=7Qwxtor946j09R6P\" width=\"560\" height=\"315\" frameborder=\"0\" allowfullscreen=\"allowfullscreen\"><\/iframe><\/p>\n<p style=\"text-align: center;\"><iframe loading=\"lazy\" title=\"Sulil\u00e1z - \u0160kolsk\u00e1 hor\u00fa\u010dka 146\" src=\"https:\/\/www.youtube.com\/embed\/iTQj3VgHJco?si=ldPBkyWlKkfL-t04\" width=\"560\" height=\"315\" frameborder=\"0\" allowfullscreen=\"allowfullscreen\"><\/iframe><\/p>\n<p style=\"text-align: center;\">&nbsp;<\/p>\n<p style=\"text-align: center;\">&nbsp;<br \/>\n<iframe loading=\"lazy\" title=\"YouTube video player\" src=\"https:\/\/www.youtube.com\/embed\/cKqp68lcNoE?si=FbCaGw7JN5yrp9sM\" width=\"560\" height=\"315\" frameborder=\"0\" allowfullscreen=\"allowfullscreen\"><\/iframe><\/p>\n<p style=\"text-align: center;\"><iframe loading=\"lazy\" title=\"Sulil\u00e1z - \u0160kolsk\u00e1 hor\u00fa\u010dka - 144\" src=\"https:\/\/www.youtube.com\/embed\/6f_7mKjSoQg?si=se5DIoc0OSmtATfj\" width=\"560\" height=\"315\" frameborder=\"0\" allowfullscreen=\"allowfullscreen\"><span data-mce-type=\"bookmark\" style=\"display: inline-block; width: 0px; overflow: hidden; line-height: 0;\" class=\"mce_SELRES_start\">\ufeff<\/span><\/iframe><\/p>\n<p style=\"text-align: center;\"><iframe loading=\"lazy\" title=\"Sulil\u00e1z - \u0160kolsk\u00e1 hor\u00fa\u010dka - 143\" src=\"https:\/\/www.youtube.com\/embed\/m17VK-ew-b4?si=K4GJQxextCRKPydH\" width=\"560\" height=\"315\" frameborder=\"0\" allowfullscreen=\"allowfullscreen\"><\/iframe><\/p>\n<p style=\"text-align: center;\">&nbsp;<\/p>\n<p style=\"text-align: center;\"><iframe loading=\"lazy\" title=\"Sulil\u00e1z - \u0160kolsk\u00e1 hor\u00fa\u010dka - 142\" src=\"https:\/\/www.youtube.com\/embed\/eAxVQdRVXIM?si=CO4hrpppFXfnOFqj\" width=\"560\" height=\"315\" frameborder=\"0\" allowfullscreen=\"allowfullscreen\"><\/iframe><\/p>\n<p style=\"text-align: center;\"><iframe loading=\"lazy\" title=\"Sulil\u00e1z - \u0160kolsk\u00e1 hor\u00fa\u010dka - 141\" src=\"https:\/\/www.youtube.com\/embed\/vifyDqhZrJ4?si=Rn69DRY1aR3oD_QL\" width=\"560\" height=\"315\" frameborder=\"0\" allowfullscreen=\"allowfullscreen\"><\/iframe><\/p>\n<p>&nbsp;<\/p>\n<p style=\"text-align: center;\"><iframe loading=\"lazy\" title=\"Sulil\u00e1z - \u0160kolsk\u00e1 hor\u00fa\u010dka - 140\" src=\"https:\/\/www.youtube.com\/embed\/RFtYy8rWIHc?si=-_Iwzt6cy-gL4Tcu\" width=\"560\" height=\"315\" frameborder=\"0\" allowfullscreen=\"allowfullscreen\"><\/iframe><\/p>\n<p style=\"text-align: center;\"><iframe loading=\"lazy\" title=\"Sulil\u00e1z - \u0160kolsk\u00e1 hor\u00fa\u010dka - 139\" src=\"https:\/\/www.youtube.com\/embed\/tg42hzNK2yk?si=HK1IEmMj1xJgehD7\" width=\"560\" height=\"315\" frameborder=\"0\" allowfullscreen=\"allowfullscreen\"><\/iframe><\/p>\n<p style=\"text-align: center;\"><iframe loading=\"lazy\" title=\"Sulil\u00e1z - \u0160kolsk\u00e1 hor\u00fa\u010dka - 138\" src=\"https:\/\/www.youtube.com\/embed\/5mJde_6cpxc?si=TF0gLnq6yH9eva6e\" width=\"560\" height=\"315\" frameborder=\"0\" allowfullscreen=\"allowfullscreen\"><\/iframe><\/p>\n<p style=\"text-align: center;\"><iframe loading=\"lazy\" title=\"Sulil\u00e1z - \u0160kolsk\u00e1 hor\u00fa\u010dka - 137\" src=\"https:\/\/www.youtube.com\/embed\/-A5Co72RJz4?si=itcl3mGJ-n5ZjxHU\" width=\"560\" height=\"315\" frameborder=\"0\" allowfullscreen=\"allowfullscreen\"><\/iframe><\/p>\n<p style=\"text-align: center;\"><iframe loading=\"lazy\" title=\"Sulil\u00e1z - \u0160kolsk\u00e1 hor\u00fa\u010dka - 139\" src=\"https:\/\/www.youtube.com\/embed\/FRp0B6jf9sA?si=nJ0MnAr7MM2Qf85K\" width=\"560\" height=\"315\" frameborder=\"0\" allowfullscreen=\"allowfullscreen\"><\/iframe><\/p>\n<p style=\"text-align: center;\"><span style=\"color: #990033; font-size: x-large;\"><strong>2022\/2023<\/strong><\/span><\/p>\n<p style=\"text-align: center;\"><iframe loading=\"lazy\" title=\"Sulil\u00e1z - \u0160kolsk\u00e1 hor\u00fa\u010dka - 135\" src=\"https:\/\/www.youtube.com\/embed\/DVH1muw1lq4\" width=\"560\" height=\"315\" frameborder=\"0\" allowfullscreen=\"allowfullscreen\"><\/iframe><\/p>\n<p style=\"text-align: center;\"><iframe loading=\"lazy\" title=\"Sulil\u00e1z - \u0160kolsk\u00e1 hor\u00fa\u010dka -134\" src=\"https:\/\/www.youtube.com\/embed\/1mhK-PFg5To\" width=\"560\" height=\"315\" frameborder=\"0\" allowfullscreen=\"allowfullscreen\"><\/iframe><\/p>\n<p style=\"text-align: center;\"><iframe loading=\"lazy\" title=\"Sulil\u00e1z - \u0160kolsk\u00e1 hor\u00fa\u010dka - 133\" src=\"https:\/\/www.youtube.com\/embed\/QHVetdqZoF0\" width=\"560\" height=\"315\" frameborder=\"0\" allowfullscreen=\"allowfullscreen\"><\/iframe><\/p>\n<p style=\"text-align: center;\"><iframe loading=\"lazy\" title=\"Sulil\u00e1z - \u0160kolsk\u00e1 hor\u00fa\u010dka - 132\" src=\"https:\/\/www.youtube.com\/embed\/sGHcyKs3bVM\" width=\"560\" height=\"315\" frameborder=\"0\" allowfullscreen=\"allowfullscreen\"><\/iframe><\/p>\n<p style=\"text-align: center;\"><iframe loading=\"lazy\" title=\"Sulil\u00e1z - \u0160kolsk\u00e1 hor\u00fa\u010dka - 131\" src=\"https:\/\/www.youtube.com\/embed\/7Y410JqhzRc\" width=\"560\" height=\"315\" frameborder=\"0\" allowfullscreen=\"allowfullscreen\"><\/iframe><\/p>\n<p style=\"text-align: center;\"><iframe loading=\"lazy\" title=\"Sulil\u00e1z -\u0160kolsk\u00e1 hor\u00fa\u010dka -130\" src=\"https:\/\/www.youtube.com\/embed\/i8oIirdEMqY\" width=\"560\" height=\"315\" frameborder=\"0\" allowfullscreen=\"allowfullscreen\"><\/iframe><\/p>\n<p style=\"text-align: center;\"><iframe loading=\"lazy\" title=\"Sulil\u00e1z -\u0160kolsk\u00e1 hor\u00fa\u010dka -129\" src=\"https:\/\/www.youtube.com\/embed\/UrzM8-Jc8AM\" width=\"560\" height=\"315\" frameborder=\"0\" allowfullscreen=\"allowfullscreen\"><\/iframe><\/p>\n<p style=\"text-align: center;\"><iframe loading=\"lazy\" title=\"Sulil\u00e1z -\u0160kolsk\u00e1 hor\u00fa\u010dka -128\" src=\"https:\/\/www.youtube.com\/embed\/uZ1YqujxMhY\" width=\"560\" height=\"315\" frameborder=\"0\" allowfullscreen=\"allowfullscreen\"><\/iframe><\/p>\n<p style=\"text-align: center;\"><iframe loading=\"lazy\" title=\"Sulil\u00e1z -\u0160kolsk\u00e1 hor\u00fa\u010dka - 127\" src=\"https:\/\/www.youtube.com\/embed\/gCkwhki2hsw\" width=\"560\" height=\"315\" frameborder=\"0\" allowfullscreen=\"allowfullscreen\"><\/iframe><\/p>\n<p style=\"text-align: center;\"><iframe loading=\"lazy\" title=\"Sulil\u00e1z -\u0160kolsk\u00e1 hor\u00fa\u010dka - 126\" src=\"https:\/\/www.youtube.com\/embed\/LMmcN_-G4hc\" width=\"560\" height=\"315\" frameborder=\"0\" allowfullscreen=\"allowfullscreen\"><\/iframe><\/p>\n<p style=\"text-align: center;\"><iframe loading=\"lazy\" title=\"Sulil\u00e1z - \u0160kolsk\u00e1 hor\u00fa\u010dka - 125\" src=\"https:\/\/www.youtube.com\/embed\/vFv7rNAfmWk\" width=\"560\" height=\"315\" frameborder=\"0\" allowfullscreen=\"allowfullscreen\"><\/iframe><\/p>\n<p style=\"text-align: center;\"><iframe loading=\"lazy\" title=\"Sulil\u00e1z - \u0160kolsk\u00e1 hor\u00fa\u010dka - 124\" src=\"https:\/\/www.youtube.com\/embed\/OhDPdqPx5fQ\" width=\"560\" height=\"315\" frameborder=\"0\" allowfullscreen=\"allowfullscreen\"><\/iframe><\/p>\n<p style=\"text-align: center;\"><iframe loading=\"lazy\" title=\"Sulil\u00e1z - Skolsk\u00e1 hor\u00fa\u010dka -123\" src=\"https:\/\/www.youtube.com\/embed\/xXsoA0lnaBU\" width=\"560\" height=\"315\" frameborder=\"0\" allowfullscreen=\"allowfullscreen\"><\/iframe><\/p>\n<p style=\"text-align: center;\"><iframe loading=\"lazy\" title=\"Sulil\u00e1z - \u0160kolsk\u00e1 hor\u00fa\u010dka -122\" src=\"https:\/\/www.youtube.com\/embed\/S9-ZS5dtf94\" width=\"560\" height=\"315\" frameborder=\"0\" allowfullscreen=\"allowfullscreen\"><\/iframe><\/p>\n<p style=\"text-align: center;\"><iframe loading=\"lazy\" title=\"Sulil\u00e1z -\u0160kolak\u00e1 hor\u00fa\u010dka - 121\" src=\"https:\/\/www.youtube.com\/embed\/lU0S31fRmAg\" width=\"560\" height=\"315\" frameborder=\"0\" allowfullscreen=\"allowfullscreen\"><\/iframe><\/p>\n<p style=\"text-align: center;\"><iframe loading=\"lazy\" title=\"Sulil\u00e1z - \u0160kolsk\u00e1 hor\u00fa\u010dka - 120\" src=\"https:\/\/www.youtube.com\/embed\/KKLz5wYSE6Y\" width=\"560\" height=\"315\" frameborder=\"0\" allowfullscreen=\"allowfullscreen\"><\/iframe><\/p>\n<p style=\"text-align: center;\"><iframe loading=\"lazy\" title=\"Sulil\u00e1z -\u0160kolsk\u00e1 hor\u00fa\u010dka - 119\" src=\"https:\/\/www.youtube.com\/embed\/mqbsrDSRZNk\" width=\"560\" height=\"315\" frameborder=\"0\" allowfullscreen=\"allowfullscreen\"><\/iframe><\/p>\n<p style=\"text-align: center;\"><span style=\"color: #990033; font-size: x-large;\"><strong>2021\/2022<\/strong><\/span><\/p>\n<p style=\"text-align: center;\"><iframe loading=\"lazy\" title=\"Sulil\u00e1z - \u0160kolsk\u00e1 hor\u00fa\u010dka - 118\" src=\"https:\/\/www.youtube.com\/embed\/pG5xeH_LUCo\" width=\"560\" height=\"315\" frameborder=\"0\" allowfullscreen=\"allowfullscreen\"><\/iframe><\/p>\n<p style=\"text-align: center;\"><iframe loading=\"lazy\" title=\"YouTube video player\" src=\"https:\/\/www.youtube.com\/embed\/AMAASwexsEE\" width=\"560\" height=\"315\" frameborder=\"0\" allowfullscreen=\"allowfullscreen\"><\/iframe><\/p>\n<p style=\"text-align: center;\"><iframe loading=\"lazy\" title=\"YouTube video player\" src=\"https:\/\/www.youtube.com\/embed\/uxQvaVdAgc4\" width=\"560\" height=\"315\" frameborder=\"0\" allowfullscreen=\"allowfullscreen\"><\/iframe><\/p>\n<p style=\"text-align: center;\"><iframe loading=\"lazy\" title=\"YouTube video player\" src=\"https:\/\/www.youtube.com\/embed\/TLlL11dA4uY\" width=\"560\" height=\"315\" frameborder=\"0\" allowfullscreen=\"allowfullscreen\"><\/iframe><\/p>\n<p style=\"text-align: center;\"><iframe loading=\"lazy\" title=\"YouTube video player\" src=\"https:\/\/www.youtube.com\/embed\/4js1E2KEr3I\" width=\"560\" height=\"315\" frameborder=\"0\" allowfullscreen=\"allowfullscreen\"><\/iframe><\/p>\n<p style=\"text-align: center;\"><iframe loading=\"lazy\" title=\"YouTube video player\" src=\"https:\/\/www.youtube.com\/embed\/obo7-9bthGU\" width=\"560\" height=\"315\" frameborder=\"0\" allowfullscreen=\"allowfullscreen\"><\/iframe><\/p>\n<p style=\"text-align: center;\"><iframe loading=\"lazy\" title=\"YouTube video player\" src=\"https:\/\/www.youtube.com\/embed\/cbzh2vhggyU\" width=\"560\" height=\"315\" frameborder=\"0\" allowfullscreen=\"allowfullscreen\"><\/iframe><\/p>\n<p style=\"text-align: center;\"><iframe loading=\"lazy\" title=\"YouTube video player\" src=\"https:\/\/www.youtube.com\/embed\/xB7rN1MhSIo\" width=\"560\" height=\"315\" frameborder=\"0\" allowfullscreen=\"allowfullscreen\"><\/iframe><\/p>\n<p style=\"text-align: center;\"><iframe loading=\"lazy\" title=\"YouTube video player\" src=\"https:\/\/www.youtube.com\/embed\/Ks9JY7vwDQc\" width=\"560\" height=\"315\" frameborder=\"0\" allowfullscreen=\"allowfullscreen\"><\/iframe><\/p>\n<p style=\"text-align: center;\"><iframe loading=\"lazy\" title=\"YouTube video player\" src=\"https:\/\/www.youtube.com\/embed\/m_5C6e-MsZk\" width=\"560\" height=\"315\" frameborder=\"0\" allowfullscreen=\"allowfullscreen\"><\/iframe><\/p>\n<p style=\"text-align: center;\"><iframe loading=\"lazy\" title=\"YouTube video player\" src=\"https:\/\/www.youtube.com\/embed\/ug8JOA5zpdw\" width=\"560\" height=\"315\" frameborder=\"0\" allowfullscreen=\"allowfullscreen\"><\/iframe><\/p>\n<p style=\"text-align: center;\"><iframe loading=\"lazy\" title=\"YouTube video player\" src=\"https:\/\/www.youtube.com\/embed\/jPlnGtpmBAU\" width=\"560\" height=\"315\" frameborder=\"0\" allowfullscreen=\"allowfullscreen\"><\/iframe><\/p>\n<p style=\"text-align: center;\"><iframe loading=\"lazy\" title=\"YouTube video player\" src=\"https:\/\/www.youtube.com\/embed\/L1SlH5u-Cx4\" width=\"560\" height=\"315\" frameborder=\"0\" allowfullscreen=\"allowfullscreen\"><\/iframe><\/p>\n<p style=\"text-align: center;\"><iframe loading=\"lazy\" title=\"YouTube video player\" src=\"https:\/\/www.youtube.com\/embed\/ji1_eLrefjE\" width=\"560\" height=\"315\" frameborder=\"0\" allowfullscreen=\"allowfullscreen\"><\/iframe><\/p>\n<p style=\"text-align: center;\"><iframe loading=\"lazy\" title=\"YouTube video player\" src=\"https:\/\/www.youtube.com\/embed\/rgHqk20gDa8\" width=\"560\" height=\"315\" frameborder=\"0\" allowfullscreen=\"allowfullscreen\"><\/iframe><\/p>\n<p style=\"text-align: center;\"><iframe loading=\"lazy\" title=\"YouTube video player\" src=\"https:\/\/www.youtube.com\/embed\/yKxHDKhhxCs\" width=\"560\" height=\"315\" frameborder=\"0\" allowfullscreen=\"allowfullscreen\"><\/iframe><\/p>\n<p style=\"text-align: center;\"><iframe loading=\"lazy\" title=\"YouTube video player\" src=\"https:\/\/www.youtube.com\/embed\/KJv_R2zjfbM\" width=\"560\" height=\"315\" frameborder=\"0\" allowfullscreen=\"allowfullscreen\"><\/iframe><\/p>\n<p style=\"text-align: center;\"><span style=\"color: #990033; font-size: x-large;\"><strong>2020\/2021<\/strong><\/span><\/p>\n<p style=\"text-align: center;\"><iframe loading=\"lazy\" title=\"YouTube video player\" src=\"https:\/\/www.youtube.com\/embed\/Ut-OtAJo1nU\" width=\"560\" height=\"315\" frameborder=\"0\" allowfullscreen=\"allowfullscreen\"><\/iframe><\/p>\n<p style=\"text-align: center;\"><iframe loading=\"lazy\" title=\"YouTube video player\" src=\"https:\/\/www.youtube.com\/embed\/t87eOcmkkZ4\" width=\"560\" height=\"315\" frameborder=\"0\" allowfullscreen=\"allowfullscreen\"><\/iframe><\/p>\n<p style=\"text-align: center;\"><iframe loading=\"lazy\" title=\"YouTube video player\" src=\"https:\/\/www.youtube.com\/embed\/BowSSQ018aw\" width=\"560\" height=\"315\" frameborder=\"0\" allowfullscreen=\"allowfullscreen\"><\/iframe><\/p>\n<p style=\"text-align: center;\"><iframe loading=\"lazy\" src=\"https:\/\/www.youtube.com\/embed\/jEjoGETqc24\" width=\"560\" height=\"315\" frameborder=\"0\" allowfullscreen=\"allowfullscreen\"><\/iframe><\/p>\n<p style=\"text-align: center;\"><iframe loading=\"lazy\" src=\"https:\/\/www.youtube.com\/embed\/i8r5yepzAI8\" width=\"560\" height=\"315\" frameborder=\"0\" allowfullscreen=\"allowfullscreen\"><\/iframe><\/p>\n<p style=\"text-align: center;\"><iframe loading=\"lazy\" src=\"https:\/\/www.youtube.com\/embed\/WWpCml_Yuu4\" width=\"560\" height=\"315\" frameborder=\"0\" allowfullscreen=\"allowfullscreen\"><\/iframe><\/p>\n","protected":false},"excerpt":{"rendered":"<p>2025\/2026 2024\/2025 2023\/2024 &nbsp; &nbsp; \ufeff &nbsp; &nbsp; 2022\/2023 2021\/2022 2020\/2021<\/p>\n","protected":false},"author":1,"featured_media":0,"parent":0,"menu_order":0,"comment_status":"closed","ping_status":"closed","template":"","meta":{"ngg_post_thumbnail":0},"_links":{"self":[{"href":"http:\/\/www.oagvm.sk\/wpsk\/index.php?rest_route=\/wp\/v2\/pages\/635"}],"collection":[{"href":"http:\/\/www.oagvm.sk\/wpsk\/index.php?rest_route=\/wp\/v2\/pages"}],"about":[{"href":"http:\/\/www.oagvm.sk\/wpsk\/index.php?rest_route=\/wp\/v2\/types\/page"}],"author":[{"embeddable":true,"href":"http:\/\/www.oagvm.sk\/wpsk\/index.php?rest_route=\/wp\/v2\/users\/1"}],"replies":[{"embeddable":true,"href":"http:\/\/www.oagvm.sk\/wpsk\/index.php?rest_route=%2Fwp%2Fv2%2Fcomments&post=635"}],"version-history":[{"count":81,"href":"http:\/\/www.oagvm.sk\/wpsk\/index.php?rest_route=\/wp\/v2\/pages\/635\/revisions"}],"predecessor-version":[{"id":5493,"href":"http:\/\/www.oagvm.sk\/wpsk\/index.php?rest_route=\/wp\/v2\/pages\/635\/revisions\/5493"}],"wp:attachment":[{"href":"http:\/\/www.oagvm.sk\/wpsk\/index.php?rest_route=%2Fwp%2Fv2%2Fmedia&parent=635"}],"curies":[{"name":"wp","href":"https:\/\/api.w.org\/{rel}","templated":true}]}}