{"id":1258,"date":"2019-12-05T17:26:31","date_gmt":"2019-12-05T16:26:31","guid":{"rendered":"http:\/\/www.oagvm.sk\/wpzs\/?page_id=1258"},"modified":"2020-11-09T17:51:49","modified_gmt":"2020-11-09T16:51:49","slug":"eap","status":"publish","type":"page","link":"http:\/\/www.oagvm.sk\/wpzs\/?page_id=1258","title":{"rendered":"EAP"},"content":{"rendered":"\n<p align=\"center\">\n          <object data=\"http:\/\/www.oagvm.sk\/wpzs\/wp-content\/uploads\/2020\/11\/eap-19-21.pdf\" type=\"application\/pdf\"  \nwidth=\"820px\" \nheight=\"1130px\" \nbgcolor= \"#ff0000\"><\/p>\n<p>V\u00e1\u0161 prehliada\u010d bohu\u017eial nepodporuje zobrazenie PDF dokumentov.<br \/>\n              Kliknite sem <a href=\"http:\/\/www.oagvm.sk\/wpzs\/wp-content\/uploads\/2020\/11\/eap-19-21.pdf\">pre stiahnutie PDF dokumentu.<\/a><\/p><\/object>\n        <\/p>\n","protected":false},"excerpt":{"rendered":"<p>V\u00e1\u0161 prehliada\u010d bohu\u017eial nepodporuje zobrazenie PDF dokumentov. Kliknite sem pre stiahnutie PDF dokumentu.<\/p>\n","protected":false},"author":1,"featured_media":0,"parent":0,"menu_order":0,"comment_status":"closed","ping_status":"closed","template":"","meta":[],"_links":{"self":[{"href":"http:\/\/www.oagvm.sk\/wpzs\/index.php?rest_route=\/wp\/v2\/pages\/1258"}],"collection":[{"href":"http:\/\/www.oagvm.sk\/wpzs\/index.php?rest_route=\/wp\/v2\/pages"}],"about":[{"href":"http:\/\/www.oagvm.sk\/wpzs\/index.php?rest_route=\/wp\/v2\/types\/page"}],"author":[{"embeddable":true,"href":"http:\/\/www.oagvm.sk\/wpzs\/index.php?rest_route=\/wp\/v2\/users\/1"}],"replies":[{"embeddable":true,"href":"http:\/\/www.oagvm.sk\/wpzs\/index.php?rest_route=%2Fwp%2Fv2%2Fcomments&post=1258"}],"version-history":[{"count":2,"href":"http:\/\/www.oagvm.sk\/wpzs\/index.php?rest_route=\/wp\/v2\/pages\/1258\/revisions"}],"predecessor-version":[{"id":1351,"href":"http:\/\/www.oagvm.sk\/wpzs\/index.php?rest_route=\/wp\/v2\/pages\/1258\/revisions\/1351"}],"wp:attachment":[{"href":"http:\/\/www.oagvm.sk\/wpzs\/index.php?rest_route=%2Fwp%2Fv2%2Fmedia&parent=1258"}],"curies":[{"name":"wp","href":"https:\/\/api.w.org\/{rel}","templated":true}]}}