{"id":1294,"date":"2019-12-09T13:19:10","date_gmt":"2019-12-09T12:19:10","guid":{"rendered":"http:\/\/www.oagvm.sk\/wpzs\/?page_id=1294"},"modified":"2020-02-06T14:19:01","modified_gmt":"2020-02-06T13:19:01","slug":"2015-2016","status":"publish","type":"page","link":"http:\/\/www.oagvm.sk\/wpzs\/?page_id=1294","title":{"rendered":"2015\/2016"},"content":{"rendered":"\n<p align=\"center\"><a href=\"http:\/\/87.197.53.202\/hirfolyam16\/news.php?item.19.4\" target=\"_blank\" rel=\"noopener noreferrer\">Tanulm\u00e1nyi kir\u00e1ndul\u00e1s az A.S.A csoport alb\u00e1ri telephely\u00e9n<br \/>\nExkurzia  v prev\u00e1dzke spolo\u010dnosti A.S.A.<\/a><\/p>\n<p align=\"center\"><a href=\"http:\/\/87.197.53.202\/hirfolyam16\/news.php?extend.15\">\u00c9lelmez\u00e9si vil\u00e1gnap<br \/>\nSvetov\u00fd de\u0148 zdravej v\u00fd\u017eivy <\/a><\/p>\n<p align=\"center\"><a href=\"http:\/\/87.197.53.202\/hirfolyam\/news.php?item.12.4\" target=\"_blank\" rel=\"noopener noreferrer\">\u0150szi pap\u00edrgy\u0171jt\u00e9s<br \/>\nJesenn\u00fd zber papiera<\/a><\/p>\n<p align=\"center\"><a href=\"http:\/\/87.197.53.202\/hirfolyam\/news.php?item.29.5\" target=\"_blank\" rel=\"noopener noreferrer\">Z\u00f6ld h\u00edrek<br \/>\nZelen\u00e9 spr\u00e1vy<\/a><\/p>\n<p align=\"center\"><a href=\"http:\/\/87.197.53.202\/hirfolyam16\/news.php?item.38.6\" target=\"_blank\" rel=\"noopener noreferrer\">A Z\u00f6ld oszt\u00e1ly verseny \u00e9rt\u00e9kel\u00e9se<br \/>\nHodnotenie  s\u00fa\u0165a\u017ee Zelen\u00e1 trieda<\/a><\/p>\n<p align=\"center\"><a href=\"http:\/\/87.197.53.202\/hirfolyam16\/news.php?extend.99\">Pap\u00edrgy\u0171jt\u00e9s<br \/>\nZber papiera<\/a><\/p>\n<p align=\"center\"><a href=\"http:\/\/87.197.53.202\/hirfolyam16\/news.php?extend.97\">A F\u00f6ld napja<br \/>\nDe\u0148 Zeme<\/a><\/p>\n<p align=\"center\"><a href=\"http:\/\/87.197.53.202\/hirfolyam16\/news.php?extend.104\">S\u00e9ta a Pannonhalmi F\u0151ap\u00e1ts\u00e1g Arbor\u00e9tum\u00e1ban \u00e9s Gy\u00f3gyn\u00f6v\u00e9nykertj\u00e9ben<br \/>\nN\u00e1v\u0161teva arbor\u00e9ta v Pannonhalme<\/a><\/p>\n<p align=\"center\"><a href=\"http:\/\/87.197.53.202\/hirfolyam16\/news.php?extend.118\">ProEnviro 2015\/2016<\/a><\/p>\n<p align=\"center\"><a href=\"http:\/\/87.197.53.202\/hirfolyam16\/news.php?extend.114\">\u00d6kol\u00f3gus szemmel a k\u00f6rnyezettudatosabb  iskol\u00e1\u00e9rt<br \/>\nEkologick\u00fd \u010din roka 2015<\/a><\/p>\n<p align=\"center\"><a href=\"http:\/\/87.197.53.202\/hirfolyam16\/news.php?extend.109\">Zaje\u017eov\u00e1 \u2013 az \u00f6kofalu<br \/>\nBoli sme v Zaje\u017eovej<\/a><\/p>\n","protected":false},"excerpt":{"rendered":"<p>Tanulm\u00e1nyi kir\u00e1ndul\u00e1s az A.S.A csoport alb\u00e1ri telephely\u00e9n Exkurzia v prev\u00e1dzke spolo\u010dnosti A.S.A. \u00c9lelmez\u00e9si vil\u00e1gnap Svetov\u00fd de\u0148 zdravej v\u00fd\u017eivy \u0150szi pap\u00edrgy\u0171jt\u00e9s Jesenn\u00fd zber papiera Z\u00f6ld h\u00edrek Zelen\u00e9 spr\u00e1vy A Z\u00f6ld oszt\u00e1ly verseny \u00e9rt\u00e9kel\u00e9se Hodnotenie s\u00fa\u0165a\u017ee Zelen\u00e1 trieda Pap\u00edrgy\u0171jt\u00e9s Zber papiera A F\u00f6ld napja De\u0148 Zeme S\u00e9ta a Pannonhalmi F\u0151ap\u00e1ts\u00e1g Arbor\u00e9tum\u00e1ban \u00e9s Gy\u00f3gyn\u00f6v\u00e9nykertj\u00e9ben N\u00e1v\u0161teva arbor\u00e9ta v Pannonhalme &#8230; <a title=\"2015\/2016\" class=\"read-more\" href=\"http:\/\/www.oagvm.sk\/wpzs\/?page_id=1294\">Olvass tov\u00e1bb<span class=\"screen-reader-text\">2015\/2016<\/span><\/a><\/p>\n","protected":false},"author":1,"featured_media":0,"parent":1292,"menu_order":0,"comment_status":"closed","ping_status":"closed","template":"","meta":[],"_links":{"self":[{"href":"http:\/\/www.oagvm.sk\/wpzs\/index.php?rest_route=\/wp\/v2\/pages\/1294"}],"collection":[{"href":"http:\/\/www.oagvm.sk\/wpzs\/index.php?rest_route=\/wp\/v2\/pages"}],"about":[{"href":"http:\/\/www.oagvm.sk\/wpzs\/index.php?rest_route=\/wp\/v2\/types\/page"}],"author":[{"embeddable":true,"href":"http:\/\/www.oagvm.sk\/wpzs\/index.php?rest_route=\/wp\/v2\/users\/1"}],"replies":[{"embeddable":true,"href":"http:\/\/www.oagvm.sk\/wpzs\/index.php?rest_route=%2Fwp%2Fv2%2Fcomments&post=1294"}],"version-history":[{"count":8,"href":"http:\/\/www.oagvm.sk\/wpzs\/index.php?rest_route=\/wp\/v2\/pages\/1294\/revisions"}],"predecessor-version":[{"id":1345,"href":"http:\/\/www.oagvm.sk\/wpzs\/index.php?rest_route=\/wp\/v2\/pages\/1294\/revisions\/1345"}],"up":[{"embeddable":true,"href":"http:\/\/www.oagvm.sk\/wpzs\/index.php?rest_route=\/wp\/v2\/pages\/1292"}],"wp:attachment":[{"href":"http:\/\/www.oagvm.sk\/wpzs\/index.php?rest_route=%2Fwp%2Fv2%2Fmedia&parent=1294"}],"curies":[{"name":"wp","href":"https:\/\/api.w.org\/{rel}","templated":true}]}}