{"id":1301,"date":"2019-12-09T14:03:42","date_gmt":"2019-12-09T13:03:42","guid":{"rendered":"http:\/\/www.oagvm.sk\/wpzs\/?page_id=1301"},"modified":"2020-02-06T14:19:59","modified_gmt":"2020-02-06T13:19:59","slug":"2016-2017","status":"publish","type":"page","link":"http:\/\/www.oagvm.sk\/wpzs\/?page_id=1301","title":{"rendered":"2017\/2018"},"content":{"rendered":"\n<p align=\"center\"><a href=\"http:\/\/87.197.53.202\/hirfolyam18\/news.php?extend.1\">\u00c9let- \u00e9s eg\u00e9szs\u00e9gv\u00e9delmi nap \u2013 mozg\u00e1ssal az eg\u00e9szs\u00e9g\u00e9rt<br \/>\nDe\u0148 ochrany \u017eivota a zdravia \u2013 pohybom k zdraviu<\/a><\/p>\n<p align=\"center\"> <a href=\"http:\/\/87.197.53.202\/hirfolyam18\/news.php?extend.16\">Rekordot d\u00f6nt\u00f6tt\u00fck fa\u00fcltet\u00e9sben<br \/>\nEnvirorekord v saden\u00ed strom\u010dekov<\/a><\/p>\n<p align=\"center\"><a href=\"http:\/\/87.197.53.202\/hirfolyam18\/news.php?item.14.4\" target=\"_blank\" rel=\"noopener noreferrer\">\u0150szi pap\u00edrgy\u0171jt\u00e9s<br \/>\nJesenn\u00fd zber papiera <\/a><\/p>\n<p align=\"center\"><a href=\"http:\/\/87.197.53.202\/hirfolyam18\/news.php?item.47.5\" target=\"_blank\" rel=\"noopener noreferrer\">Csak a szem\u00e9t szemetel<br \/>\nLen neporiadni robia neporiadok<\/a><\/p>\n<p align=\"center\"><a href=\"http:\/\/87.197.53.202\/hirfolyam18\/news.php?extend.100\">Az erd\u0151park tiszt\u00edt\u00e1sa Nagymegyeren<br \/>\n\u010cistenie lesoparku vo Ve\u013ekom Mederi<\/a><\/p>\n<p align=\"center\"><a href=\"http:\/\/87.197.53.202\/hirfolyam18\/news.php?extend.94\">Tavaszi pap\u00edrgy\u0171jt\u00e9s<br \/>\nJarn\u00fd zber papiera<\/a><\/p>\n<p align=\"center\"><a href=\"http:\/\/87.197.53.202\/hirfolyam18\/news.php?extend.95\">A F\u00f6ld napja Nagymegyeren<br \/>\nDe\u0148 Zeme vo Ve\u013ekom Mederi<\/a><\/p>\n<p align=\"center\"><a href=\"http:\/\/87.197.53.202\/hirfolyam18\/news.php?item.16.4\" target=\"_blank\" rel=\"noopener noreferrer\">Rekordot d\u00f6nt\u00f6tt\u00fck fa\u00fcltet\u00e9sben<br \/>\nEnvirorekord v saden\u00ed strom\u010dekov<\/a><\/p>\n<p align=\"center\"><a href=\"http:\/\/87.197.53.202\/hirfolyam18\/news.php?item.108.12%20target=\"_blank\" rel=\"noopener noreferrer\">V\u00e1ltozz, hogy v\u00e1ltoztass, avagy az \u00c9v \u00f6kotette d\u00edj marg\u00f3j\u00e1ra<br \/>\nEkologick\u00fd \u010din roka 2017 \u201eUrobi\u0165 zmenu, ktor\u00fa je vidie\u0165 a c\u00edti\u0165\u201c<\/a><\/p>\n","protected":false},"excerpt":{"rendered":"<p>\u00c9let- \u00e9s eg\u00e9szs\u00e9gv\u00e9delmi nap \u2013 mozg\u00e1ssal az eg\u00e9szs\u00e9g\u00e9rt De\u0148 ochrany \u017eivota a zdravia \u2013 pohybom k zdraviu Rekordot d\u00f6nt\u00f6tt\u00fck fa\u00fcltet\u00e9sben Envirorekord v saden\u00ed strom\u010dekov \u0150szi pap\u00edrgy\u0171jt\u00e9s Jesenn\u00fd zber papiera Csak a szem\u00e9t szemetel Len neporiadni robia neporiadok Az erd\u0151park tiszt\u00edt\u00e1sa Nagymegyeren \u010cistenie lesoparku vo Ve\u013ekom Mederi Tavaszi pap\u00edrgy\u0171jt\u00e9s Jarn\u00fd zber papiera A F\u00f6ld napja Nagymegyeren &#8230; <a title=\"2017\/2018\" class=\"read-more\" href=\"http:\/\/www.oagvm.sk\/wpzs\/?page_id=1301\">Olvass tov\u00e1bb<span class=\"screen-reader-text\">2017\/2018<\/span><\/a><\/p>\n","protected":false},"author":1,"featured_media":0,"parent":1292,"menu_order":0,"comment_status":"closed","ping_status":"closed","template":"","meta":[],"_links":{"self":[{"href":"http:\/\/www.oagvm.sk\/wpzs\/index.php?rest_route=\/wp\/v2\/pages\/1301"}],"collection":[{"href":"http:\/\/www.oagvm.sk\/wpzs\/index.php?rest_route=\/wp\/v2\/pages"}],"about":[{"href":"http:\/\/www.oagvm.sk\/wpzs\/index.php?rest_route=\/wp\/v2\/types\/page"}],"author":[{"embeddable":true,"href":"http:\/\/www.oagvm.sk\/wpzs\/index.php?rest_route=\/wp\/v2\/users\/1"}],"replies":[{"embeddable":true,"href":"http:\/\/www.oagvm.sk\/wpzs\/index.php?rest_route=%2Fwp%2Fv2%2Fcomments&post=1301"}],"version-history":[{"count":9,"href":"http:\/\/www.oagvm.sk\/wpzs\/index.php?rest_route=\/wp\/v2\/pages\/1301\/revisions"}],"predecessor-version":[{"id":1347,"href":"http:\/\/www.oagvm.sk\/wpzs\/index.php?rest_route=\/wp\/v2\/pages\/1301\/revisions\/1347"}],"up":[{"embeddable":true,"href":"http:\/\/www.oagvm.sk\/wpzs\/index.php?rest_route=\/wp\/v2\/pages\/1292"}],"wp:attachment":[{"href":"http:\/\/www.oagvm.sk\/wpzs\/index.php?rest_route=%2Fwp%2Fv2%2Fmedia&parent=1301"}],"curies":[{"name":"wp","href":"https:\/\/api.w.org\/{rel}","templated":true}]}}