{"id":1307,"date":"2019-12-10T10:10:17","date_gmt":"2019-12-10T09:10:17","guid":{"rendered":"http:\/\/www.oagvm.sk\/wpzs\/?page_id=1307"},"modified":"2020-02-06T14:19:27","modified_gmt":"2020-02-06T13:19:27","slug":"2016-2017-2","status":"publish","type":"page","link":"http:\/\/www.oagvm.sk\/wpzs\/?page_id=1307","title":{"rendered":"2016\/2017"},"content":{"rendered":"\n<p align=\"center\"><a href=\"http:\/\/87.197.53.202\/hirfolyam17\/news.php?extend.15\">\u0150szi pap\u00edrgy\u0171jt\u00e9s<br \/>\nJesenn\u00fd zber papiera &#8211; Pomohli sme lesu aj sebe<\/a><\/p>\n<p align=\"center\"><a href=\"http:\/\/87.197.53.202\/hirfolyam17\/news.php?extend.107\">A v\u00edz vil\u00e1gnapja<br \/>\nSvetov\u00fd de\u0148 vody<\/a><\/p>\n<p align=\"center\"><a href=\"http:\/\/87.197.53.202\/hirfolyam17\/news.php?extend.117\">Tavaszi pap\u00edrgy\u0171jt\u00e9s<br \/>\nJarn\u00fd zber papiera &#8211; Pomohli sme lesu aj sebe<\/a><\/p>\n<p align=\"center\"><a href=\"http:\/\/87.197.53.202\/hirfolyam17\/news.php?extend.112\">T\u00f6r\u0151d\u00fcnk a k\u00f6rnyezet\u00fcnkkel<br \/>\nStar\u00e1me sa o \u017eivotn\u00e9 prostredie<\/a><\/p>\n<p align=\"center\"><a href=\"http:\/\/87.197.53.202\/hirfolyam17\/news.php?extend.145\">\u00d6z\u00f6nv\u00edz el\u0151tt<br \/>\nPred potopou<br \/>\nBefore the flood<\/a><\/p>\n<p align=\"center\"><a href=\"http:\/\/87.197.53.202\/hirfolyam17\/news.php?extend.133\">Nevelj\u00fcnk k\u00f6rnyezettudatosabb gener\u00e1ci\u00f3t!<br \/>\nEkologick\u00fd \u010din roka 2016 &#8211; \u201eVychovajme nov\u00fa gener\u00e1ciu\u201c<\/a><\/p>\n","protected":false},"excerpt":{"rendered":"<p>\u0150szi pap\u00edrgy\u0171jt\u00e9s Jesenn\u00fd zber papiera &#8211; Pomohli sme lesu aj sebe A v\u00edz vil\u00e1gnapja Svetov\u00fd de\u0148 vody Tavaszi pap\u00edrgy\u0171jt\u00e9s Jarn\u00fd zber papiera &#8211; Pomohli sme lesu aj sebe T\u00f6r\u0151d\u00fcnk a k\u00f6rnyezet\u00fcnkkel Star\u00e1me sa o \u017eivotn\u00e9 prostredie \u00d6z\u00f6nv\u00edz el\u0151tt Pred potopou Before the flood Nevelj\u00fcnk k\u00f6rnyezettudatosabb gener\u00e1ci\u00f3t! Ekologick\u00fd \u010din roka 2016 &#8211; \u201eVychovajme nov\u00fa gener\u00e1ciu\u201c<\/p>\n","protected":false},"author":1,"featured_media":0,"parent":1292,"menu_order":0,"comment_status":"closed","ping_status":"closed","template":"","meta":[],"_links":{"self":[{"href":"http:\/\/www.oagvm.sk\/wpzs\/index.php?rest_route=\/wp\/v2\/pages\/1307"}],"collection":[{"href":"http:\/\/www.oagvm.sk\/wpzs\/index.php?rest_route=\/wp\/v2\/pages"}],"about":[{"href":"http:\/\/www.oagvm.sk\/wpzs\/index.php?rest_route=\/wp\/v2\/types\/page"}],"author":[{"embeddable":true,"href":"http:\/\/www.oagvm.sk\/wpzs\/index.php?rest_route=\/wp\/v2\/users\/1"}],"replies":[{"embeddable":true,"href":"http:\/\/www.oagvm.sk\/wpzs\/index.php?rest_route=%2Fwp%2Fv2%2Fcomments&post=1307"}],"version-history":[{"count":6,"href":"http:\/\/www.oagvm.sk\/wpzs\/index.php?rest_route=\/wp\/v2\/pages\/1307\/revisions"}],"predecessor-version":[{"id":1346,"href":"http:\/\/www.oagvm.sk\/wpzs\/index.php?rest_route=\/wp\/v2\/pages\/1307\/revisions\/1346"}],"up":[{"embeddable":true,"href":"http:\/\/www.oagvm.sk\/wpzs\/index.php?rest_route=\/wp\/v2\/pages\/1292"}],"wp:attachment":[{"href":"http:\/\/www.oagvm.sk\/wpzs\/index.php?rest_route=%2Fwp%2Fv2%2Fmedia&parent=1307"}],"curies":[{"name":"wp","href":"https:\/\/api.w.org\/{rel}","templated":true}]}}