{"id":1317,"date":"2019-12-10T10:47:42","date_gmt":"2019-12-10T09:47:42","guid":{"rendered":"http:\/\/www.oagvm.sk\/wpzs\/?page_id=1317"},"modified":"2020-02-06T14:20:27","modified_gmt":"2020-02-06T13:20:27","slug":"2018-2019","status":"publish","type":"page","link":"http:\/\/www.oagvm.sk\/wpzs\/?page_id=1317","title":{"rendered":"2018\/2019"},"content":{"rendered":"\n<p align=\"center\"><a href=\"http:\/\/87.197.53.202\/hirfolyam19\/news.php?extend.6\">Interakt\u00edv el\u0151ad\u00e1sok a k\u00f6rforg\u00e1sos gazdas\u00e1gi modellr\u0151l<br \/>\nKruh obehov\u00e9ho hospod\u00e1rstva<\/a><\/p>\n<p align=\"center\"><a href=\"http:\/\/87.197.53.202\/hirfolyam19\/news.php?extend.2\">\u00c9lm\u00e9nyk\u00f6zpont\u00fa \u00e9let- \u00e9s eg\u00e9szs\u00e9gv\u00e9delmi nap<br \/>\nOchrana \u017eivota a zdravia z\u00e1\u017eitkovou formou<\/a><\/p>\n<p align=\"center\"><a href=\"http:\/\/87.197.53.202\/hirfolyam19\/news.php?extend.28\">\u0150szi pap\u00edrgy\u0171jt\u00e9s<br \/>\nJesenn\u00fd zber papiera<\/a><\/p>\n<p align=\"center\"><a href=\"http:\/\/87.197.53.202\/hirfolyam19\/news.php?extend.200\">\u201eSzem\u00e9tkommand\u00f3\u201c<br \/>\n\u201eOdpadov\u00e9 komando\u201c pri \u0161es\u0165desiattrojke<\/a><\/p>\n<p align=\"center\"><a href=\"http:\/\/87.197.53.202\/hirfolyam19\/news.php?extend.72\">\u201eKipofoztuk\u201c<br \/>\nRekon\u0161trukcia interi\u00e9ru autobusovej zast\u00e1vky<\/a><\/p>\n<p align=\"center\"><a href=\"http:\/\/87.197.53.202\/hirfolyam19\/news.php?extend.91\">Tavaszi pap\u00edrgy\u0171jt\u00e9s<br \/>\nJarn\u00fd zber papiera<\/a><\/p>\n<p align=\"center\"><a href=\"http:\/\/87.197.53.202\/hirfolyam19\/news.php?extend.100\">K\u00f6rk\u00f6r\u00f6s gazdas\u00e1g<br \/>\nKruh cirkul\u00e1rnej ekonomiky<\/a><\/p>\n<p align=\"center\"><a href=\"http:\/\/87.197.53.202\/hirfolyam19\/news.php?extend.95\">A F\u00f6ld napja 2019<br \/>\nDe\u0148 Zeme 2019<\/a><\/p>\n<p align=\"center\"><a href=\"http:\/\/87.197.53.202\/hirfolyam19\/news.php?extend.104\">Az \u00e9v \u00f6kol\u00f3giai tette 2018<br \/>\nEkologick\u00fd \u010din roka 2018<\/a><\/p>\n","protected":false},"excerpt":{"rendered":"<p>Interakt\u00edv el\u0151ad\u00e1sok a k\u00f6rforg\u00e1sos gazdas\u00e1gi modellr\u0151l Kruh obehov\u00e9ho hospod\u00e1rstva \u00c9lm\u00e9nyk\u00f6zpont\u00fa \u00e9let- \u00e9s eg\u00e9szs\u00e9gv\u00e9delmi nap Ochrana \u017eivota a zdravia z\u00e1\u017eitkovou formou \u0150szi pap\u00edrgy\u0171jt\u00e9s Jesenn\u00fd zber papiera \u201eSzem\u00e9tkommand\u00f3\u201c \u201eOdpadov\u00e9 komando\u201c pri \u0161es\u0165desiattrojke \u201eKipofoztuk\u201c Rekon\u0161trukcia interi\u00e9ru autobusovej zast\u00e1vky Tavaszi pap\u00edrgy\u0171jt\u00e9s Jarn\u00fd zber papiera K\u00f6rk\u00f6r\u00f6s gazdas\u00e1g Kruh cirkul\u00e1rnej ekonomiky A F\u00f6ld napja 2019 De\u0148 Zeme 2019 Az \u00e9v \u00f6kol\u00f3giai &#8230; <a title=\"2018\/2019\" class=\"read-more\" href=\"http:\/\/www.oagvm.sk\/wpzs\/?page_id=1317\">Olvass tov\u00e1bb<span class=\"screen-reader-text\">2018\/2019<\/span><\/a><\/p>\n","protected":false},"author":1,"featured_media":0,"parent":1292,"menu_order":0,"comment_status":"closed","ping_status":"closed","template":"","meta":[],"_links":{"self":[{"href":"http:\/\/www.oagvm.sk\/wpzs\/index.php?rest_route=\/wp\/v2\/pages\/1317"}],"collection":[{"href":"http:\/\/www.oagvm.sk\/wpzs\/index.php?rest_route=\/wp\/v2\/pages"}],"about":[{"href":"http:\/\/www.oagvm.sk\/wpzs\/index.php?rest_route=\/wp\/v2\/types\/page"}],"author":[{"embeddable":true,"href":"http:\/\/www.oagvm.sk\/wpzs\/index.php?rest_route=\/wp\/v2\/users\/1"}],"replies":[{"embeddable":true,"href":"http:\/\/www.oagvm.sk\/wpzs\/index.php?rest_route=%2Fwp%2Fv2%2Fcomments&post=1317"}],"version-history":[{"count":6,"href":"http:\/\/www.oagvm.sk\/wpzs\/index.php?rest_route=\/wp\/v2\/pages\/1317\/revisions"}],"predecessor-version":[{"id":1348,"href":"http:\/\/www.oagvm.sk\/wpzs\/index.php?rest_route=\/wp\/v2\/pages\/1317\/revisions\/1348"}],"up":[{"embeddable":true,"href":"http:\/\/www.oagvm.sk\/wpzs\/index.php?rest_route=\/wp\/v2\/pages\/1292"}],"wp:attachment":[{"href":"http:\/\/www.oagvm.sk\/wpzs\/index.php?rest_route=%2Fwp%2Fv2%2Fmedia&parent=1317"}],"curies":[{"name":"wp","href":"https:\/\/api.w.org\/{rel}","templated":true}]}}