{"id":1329,"date":"2019-12-11T10:09:18","date_gmt":"2019-12-11T09:09:18","guid":{"rendered":"http:\/\/www.oagvm.sk\/wpzs\/?page_id=1329"},"modified":"2020-02-06T14:18:18","modified_gmt":"2020-02-06T13:18:18","slug":"2014-2015","status":"publish","type":"page","link":"http:\/\/www.oagvm.sk\/wpzs\/?page_id=1329","title":{"rendered":"2014\/2015"},"content":{"rendered":"\n<p align=\"center\"><a href=\"http:\/\/87.197.53.202\/hirfolyam15\/news.php?item.137.12\" target=\"_blank\" rel=\"noopener noreferrer\">\u00dajra \u00f6sszefogtak a di\u00e1kok&#8230;<br \/>\n\u0160tudentsk\u00e1 s\u00fadr\u017enos\u0165&#8230;<\/a><\/p>\n<p align=\"center\"><a href=\"http:\/\/87.197.53.202\/hirfolyam15\/news.php?item.127.11\" target=\"_blank\" rel=\"noopener noreferrer\">Vy\u010distime si Slovensko!<br \/>\nTiszt\u00edtsuk meg Szlov\u00e1ki\u00e1t!<\/a><\/p>\n<p align=\"center\"><a href=\"http:\/\/87.197.53.202\/hirfolyam15\/news.php?item.124.10\" target=\"_blank\" rel=\"noopener noreferrer\">Tavaszi pap\u00edrgy\u0171jt\u00e9s<br \/>\nJarn\u00fd zber papiera<\/a><\/p>\n<p align=\"center\"><a href=\"http:\/\/87.197.53.202\/hirfolyam15\/news.php?item.113.9\" target=\"_blank\" rel=\"noopener noreferrer\">Folytat\u00f3dik a RECYKLOHRY elnevez\u00e9s\u0171 iskolai program<br \/>\nS\u00fa\u0165a\u017e Recyklohry<\/a><\/p>\n<p align=\"center\"><a href=\"http:\/\/87.197.53.202\/hirfolyam15\\news.php?item.20.4\" target=\"_blank\" rel=\"noopener noreferrer\">Harmadszor is megval\u00f3sult a pap\u00edrgy\u0171jt\u00e9s az iskol\u00e1nkban<br \/>\nU\u017e tret\u00edkr\u00e1t sa na na\u0161ej \u0161kole konal zber papiera<\/a><\/p>\n<p align=\"center\"><a href=\"http:\/\/87.197.53.202\/hirfolyam15\/news.php?item.12.3\" target=\"_blank\" rel=\"noopener noreferrer\">Tanulm\u00e1nyi kir\u00e1ndul\u00e1s a Nagyl\u00e9li szigetre<br \/>\nOdborn\u00e1 exkurzia na Ve\u013ekol\u00e9lsky ostrov<\/a><\/p>\n<p align=\"center\"><a href=\"http:\/\/87.197.53.202\/hirfolyam15\/news.php?item.116.10\" target=\"_blank\" rel=\"noopener noreferrer\">A Z\u00f6ld iskola projekt folytat\u00f3dik<br \/>\nProjekt Zelen\u00e1 \u0161kola pokra\u010duje&#8230;<\/a><\/p>\n<p align=\"center\"><a href=\"http:\/\/87.197.53.202\/hirfolyam15\/news.php?item.118.10\" target=\"_blank\" rel=\"noopener noreferrer\">Projekt Zelen\u00e1 \u0161kola pokra\u010duje &#8211; II.<br \/>\nA Z\u00f6ld iskola projekt folytat\u00f3dik &#8211; II.<\/a><\/p>\n<p align=\"center\"><a href=\"http:\/\/87.197.53.202\/hirfolyam15\/news.php?extend.18.4\" target=\"_blank\" rel=\"noopener noreferrer\">Az environment\u00e1lis nevel\u00e9s gyakorlatba val\u00f3 \u00e1t\u00fcltet\u00e9se fels\u0151fokon<br \/>\nPrep\u00e1janie environment\u00e1lnej v\u00fdchovy s praktick\u00fdmi aktivitami \u0161kolskej komunity na vysokej \u00farovni<\/a> <\/p>\n<p align=\"center\"><a href=\"http:\/\/87.197.53.202\/hirfolyam15\/news.php?extend.68.7\" target=\"_blank\" rel=\"noopener noreferrer\">Z\u00f6ld iskola<br \/>\nZelen\u00e1 \u0161kola<\/a><\/p>\n<p align=\"center\"><a href=\"http:\/\/87.197.53.202\/hirfolyam15\/news.php?extend.84.8\" target=\"_blank\" rel=\"noopener noreferrer\">A term\u00e9szet gy\u00f3gy\u00edt\u00f3 ereje<br \/>\nLie\u010div\u00e1 sila pr\u00edrody<\/a><\/p>\n","protected":false},"excerpt":{"rendered":"<p>\u00dajra \u00f6sszefogtak a di\u00e1kok&#8230; \u0160tudentsk\u00e1 s\u00fadr\u017enos\u0165&#8230; Vy\u010distime si Slovensko! Tiszt\u00edtsuk meg Szlov\u00e1ki\u00e1t! Tavaszi pap\u00edrgy\u0171jt\u00e9s Jarn\u00fd zber papiera Folytat\u00f3dik a RECYKLOHRY elnevez\u00e9s\u0171 iskolai program S\u00fa\u0165a\u017e Recyklohry Harmadszor is megval\u00f3sult a pap\u00edrgy\u0171jt\u00e9s az iskol\u00e1nkban U\u017e tret\u00edkr\u00e1t sa na na\u0161ej \u0161kole konal zber papiera Tanulm\u00e1nyi kir\u00e1ndul\u00e1s a Nagyl\u00e9li szigetre Odborn\u00e1 exkurzia na Ve\u013ekol\u00e9lsky ostrov A Z\u00f6ld iskola projekt &#8230; <a title=\"2014\/2015\" class=\"read-more\" href=\"http:\/\/www.oagvm.sk\/wpzs\/?page_id=1329\">Olvass tov\u00e1bb<span class=\"screen-reader-text\">2014\/2015<\/span><\/a><\/p>\n","protected":false},"author":1,"featured_media":0,"parent":1292,"menu_order":0,"comment_status":"closed","ping_status":"closed","template":"","meta":[],"_links":{"self":[{"href":"http:\/\/www.oagvm.sk\/wpzs\/index.php?rest_route=\/wp\/v2\/pages\/1329"}],"collection":[{"href":"http:\/\/www.oagvm.sk\/wpzs\/index.php?rest_route=\/wp\/v2\/pages"}],"about":[{"href":"http:\/\/www.oagvm.sk\/wpzs\/index.php?rest_route=\/wp\/v2\/types\/page"}],"author":[{"embeddable":true,"href":"http:\/\/www.oagvm.sk\/wpzs\/index.php?rest_route=\/wp\/v2\/users\/1"}],"replies":[{"embeddable":true,"href":"http:\/\/www.oagvm.sk\/wpzs\/index.php?rest_route=%2Fwp%2Fv2%2Fcomments&post=1329"}],"version-history":[{"count":3,"href":"http:\/\/www.oagvm.sk\/wpzs\/index.php?rest_route=\/wp\/v2\/pages\/1329\/revisions"}],"predecessor-version":[{"id":1344,"href":"http:\/\/www.oagvm.sk\/wpzs\/index.php?rest_route=\/wp\/v2\/pages\/1329\/revisions\/1344"}],"up":[{"embeddable":true,"href":"http:\/\/www.oagvm.sk\/wpzs\/index.php?rest_route=\/wp\/v2\/pages\/1292"}],"wp:attachment":[{"href":"http:\/\/www.oagvm.sk\/wpzs\/index.php?rest_route=%2Fwp%2Fv2%2Fmedia&parent=1329"}],"curies":[{"name":"wp","href":"https:\/\/api.w.org\/{rel}","templated":true}]}}