{"id":1352,"date":"2020-11-09T17:57:17","date_gmt":"2020-11-09T16:57:17","guid":{"rendered":"http:\/\/www.oagvm.sk\/wpzs\/?page_id=1352"},"modified":"2020-11-09T18:16:29","modified_gmt":"2020-11-09T17:16:29","slug":"2019-2020","status":"publish","type":"page","link":"http:\/\/www.oagvm.sk\/wpzs\/?page_id=1352","title":{"rendered":"2019 &#8211; 2020"},"content":{"rendered":"<h3 style=\"text-align: center;\"><a href=\"http:\/\/www.oagvm.sk\/wpzs\/?page_id=1368\"><span style=\"font-size: 18pt; color: #003300;\">\u00d6nk\u00e9ntes munka az \u00f3vod\u00e1ban &#8211; Dobrovo\u013en\u00edcka pr\u00e1ca v materskej \u0161k\u00f4lke<\/span><\/a><\/h3>\n<h3 style=\"text-align: center;\"><span style=\"font-size: 18pt; color: #003300;\"><a style=\"color: #003300;\" href=\"http:\/\/www.oagvm.sk\/wpzs\/?page_id=1372&amp;preview=true\">Recikl\u00e1l\u00e1s &#8211; recykl\u00e1cia<\/a><\/span><\/h3>\n<h3 style=\"text-align: center;\"><a href=\"http:\/\/www.oagvm.sk\/wpzs\/?page_id=1375\"><span style=\"font-size: 18pt; color: #003300;\">Pap\u00edrgy\u0171jt\u00e9s &#8211; Zber papiera 2019. Okt\u00f3ber<\/span><\/a><\/h3>\n","protected":false},"excerpt":{"rendered":"<p>\u00d6nk\u00e9ntes munka az \u00f3vod\u00e1ban &#8211; Dobrovo\u013en\u00edcka pr\u00e1ca v materskej \u0161k\u00f4lke Recikl\u00e1l\u00e1s &#8211; recykl\u00e1cia Pap\u00edrgy\u0171jt\u00e9s &#8211; Zber papiera 2019. Okt\u00f3ber<\/p>\n","protected":false},"author":1,"featured_media":0,"parent":1292,"menu_order":0,"comment_status":"closed","ping_status":"closed","template":"","meta":[],"_links":{"self":[{"href":"http:\/\/www.oagvm.sk\/wpzs\/index.php?rest_route=\/wp\/v2\/pages\/1352"}],"collection":[{"href":"http:\/\/www.oagvm.sk\/wpzs\/index.php?rest_route=\/wp\/v2\/pages"}],"about":[{"href":"http:\/\/www.oagvm.sk\/wpzs\/index.php?rest_route=\/wp\/v2\/types\/page"}],"author":[{"embeddable":true,"href":"http:\/\/www.oagvm.sk\/wpzs\/index.php?rest_route=\/wp\/v2\/users\/1"}],"replies":[{"embeddable":true,"href":"http:\/\/www.oagvm.sk\/wpzs\/index.php?rest_route=%2Fwp%2Fv2%2Fcomments&post=1352"}],"version-history":[{"count":7,"href":"http:\/\/www.oagvm.sk\/wpzs\/index.php?rest_route=\/wp\/v2\/pages\/1352\/revisions"}],"predecessor-version":[{"id":1378,"href":"http:\/\/www.oagvm.sk\/wpzs\/index.php?rest_route=\/wp\/v2\/pages\/1352\/revisions\/1378"}],"up":[{"embeddable":true,"href":"http:\/\/www.oagvm.sk\/wpzs\/index.php?rest_route=\/wp\/v2\/pages\/1292"}],"wp:attachment":[{"href":"http:\/\/www.oagvm.sk\/wpzs\/index.php?rest_route=%2Fwp%2Fv2%2Fmedia&parent=1352"}],"curies":[{"name":"wp","href":"https:\/\/api.w.org\/{rel}","templated":true}]}}