{"id":1368,"date":"2020-11-09T18:07:50","date_gmt":"2020-11-09T17:07:50","guid":{"rendered":"http:\/\/www.oagvm.sk\/wpzs\/?page_id=1368"},"modified":"2020-11-09T18:10:06","modified_gmt":"2020-11-09T17:10:06","slug":"onkentesseg-2020","status":"publish","type":"page","link":"http:\/\/www.oagvm.sk\/wpzs\/?page_id=1368","title":{"rendered":"\u00d6nk\u00e9ntes munka &#8211; Dobrovo\u013en\u00edcka pr\u00e1ca"},"content":{"rendered":"<h3 style=\"text-align: center;\"><span style=\"font-size: 18pt; color: #003300;\">\u00d6nk\u00e9ntes munka az \u00f3vod\u00e1ban \u2013 Dobrovo\u013en\u00edcka pr\u00e1ca v materskej \u0161k\u00f4lke<\/span><\/h3>\n<h3 style=\"text-align: center;\">Megtanultunk szemetet szelekt\u00e1lni \u2013 Ako spr\u00e1vne selektova\u0165 odpad<\/h3>\n<p style=\"text-align: center;\"><img loading=\"lazy\" class=\"alignnone size-full wp-image-1361\" src=\"http:\/\/www.oagvm.sk\/wpzs\/wp-content\/uploads\/2020\/11\/o1.jpg\" alt=\"\" width=\"600\" height=\"400\" srcset=\"http:\/\/www.oagvm.sk\/wpzs\/wp-content\/uploads\/2020\/11\/o1.jpg 600w, http:\/\/www.oagvm.sk\/wpzs\/wp-content\/uploads\/2020\/11\/o1-300x200.jpg 300w\" sizes=\"(max-width: 600px) 100vw, 600px\" \/> <img loading=\"lazy\" class=\"alignnone size-full wp-image-1362\" src=\"http:\/\/www.oagvm.sk\/wpzs\/wp-content\/uploads\/2020\/11\/o2.jpg\" alt=\"\" width=\"600\" height=\"400\" srcset=\"http:\/\/www.oagvm.sk\/wpzs\/wp-content\/uploads\/2020\/11\/o2.jpg 600w, http:\/\/www.oagvm.sk\/wpzs\/wp-content\/uploads\/2020\/11\/o2-300x200.jpg 300w\" sizes=\"(max-width: 600px) 100vw, 600px\" \/> <img loading=\"lazy\" class=\"alignnone size-full wp-image-1363\" src=\"http:\/\/www.oagvm.sk\/wpzs\/wp-content\/uploads\/2020\/11\/o3.jpg\" alt=\"\" width=\"600\" height=\"400\" srcset=\"http:\/\/www.oagvm.sk\/wpzs\/wp-content\/uploads\/2020\/11\/o3.jpg 600w, http:\/\/www.oagvm.sk\/wpzs\/wp-content\/uploads\/2020\/11\/o3-300x200.jpg 300w\" sizes=\"(max-width: 600px) 100vw, 600px\" \/><\/p>\n<h3 style=\"text-align: center;\">Recikl\u00e1l\u00e1s &#8211; Recykl\u00e1cia<\/h3>\n<p style=\"text-align: center;\"><img loading=\"lazy\" class=\"alignnone size-full wp-image-1364\" src=\"http:\/\/www.oagvm.sk\/wpzs\/wp-content\/uploads\/2020\/11\/o4.jpg\" alt=\"\" width=\"600\" height=\"400\" srcset=\"http:\/\/www.oagvm.sk\/wpzs\/wp-content\/uploads\/2020\/11\/o4.jpg 600w, http:\/\/www.oagvm.sk\/wpzs\/wp-content\/uploads\/2020\/11\/o4-300x200.jpg 300w\" sizes=\"(max-width: 600px) 100vw, 600px\" \/> <img loading=\"lazy\" class=\"alignnone size-full wp-image-1354\" src=\"http:\/\/www.oagvm.sk\/wpzs\/wp-content\/uploads\/2020\/11\/o5.jpg\" alt=\"\" width=\"600\" height=\"400\" srcset=\"http:\/\/www.oagvm.sk\/wpzs\/wp-content\/uploads\/2020\/11\/o5.jpg 600w, http:\/\/www.oagvm.sk\/wpzs\/wp-content\/uploads\/2020\/11\/o5-300x200.jpg 300w\" sizes=\"(max-width: 600px) 100vw, 600px\" \/><\/p>\n<h3 style=\"text-align: center;\">Figyelt\u00fck az id\u00f6j\u00e1r\u00e1st \u2013 Pozorovali sme po\u010dasie<\/h3>\n<p style=\"text-align: center;\"><img loading=\"lazy\" class=\"alignnone size-full wp-image-1355\" src=\"http:\/\/www.oagvm.sk\/wpzs\/wp-content\/uploads\/2020\/11\/o6.jpg\" alt=\"\" width=\"600\" height=\"400\" srcset=\"http:\/\/www.oagvm.sk\/wpzs\/wp-content\/uploads\/2020\/11\/o6.jpg 600w, http:\/\/www.oagvm.sk\/wpzs\/wp-content\/uploads\/2020\/11\/o6-300x200.jpg 300w\" sizes=\"(max-width: 600px) 100vw, 600px\" \/> <img loading=\"lazy\" class=\"alignnone size-full wp-image-1356\" src=\"http:\/\/www.oagvm.sk\/wpzs\/wp-content\/uploads\/2020\/11\/o7.jpg\" alt=\"\" width=\"600\" height=\"400\" srcset=\"http:\/\/www.oagvm.sk\/wpzs\/wp-content\/uploads\/2020\/11\/o7.jpg 600w, http:\/\/www.oagvm.sk\/wpzs\/wp-content\/uploads\/2020\/11\/o7-300x200.jpg 300w\" sizes=\"(max-width: 600px) 100vw, 600px\" \/><\/p>\n","protected":false},"excerpt":{"rendered":"<p>\u00d6nk\u00e9ntes munka az \u00f3vod\u00e1ban \u2013 Dobrovo\u013en\u00edcka pr\u00e1ca v materskej \u0161k\u00f4lke Megtanultunk szemetet szelekt\u00e1lni \u2013 Ako spr\u00e1vne selektova\u0165 odpad Recikl\u00e1l\u00e1s &#8211; Recykl\u00e1cia Figyelt\u00fck az id\u00f6j\u00e1r\u00e1st \u2013 Pozorovali sme po\u010dasie<\/p>\n","protected":false},"author":1,"featured_media":0,"parent":1352,"menu_order":0,"comment_status":"closed","ping_status":"closed","template":"","meta":[],"_links":{"self":[{"href":"http:\/\/www.oagvm.sk\/wpzs\/index.php?rest_route=\/wp\/v2\/pages\/1368"}],"collection":[{"href":"http:\/\/www.oagvm.sk\/wpzs\/index.php?rest_route=\/wp\/v2\/pages"}],"about":[{"href":"http:\/\/www.oagvm.sk\/wpzs\/index.php?rest_route=\/wp\/v2\/types\/page"}],"author":[{"embeddable":true,"href":"http:\/\/www.oagvm.sk\/wpzs\/index.php?rest_route=\/wp\/v2\/users\/1"}],"replies":[{"embeddable":true,"href":"http:\/\/www.oagvm.sk\/wpzs\/index.php?rest_route=%2Fwp%2Fv2%2Fcomments&post=1368"}],"version-history":[{"count":2,"href":"http:\/\/www.oagvm.sk\/wpzs\/index.php?rest_route=\/wp\/v2\/pages\/1368\/revisions"}],"predecessor-version":[{"id":1371,"href":"http:\/\/www.oagvm.sk\/wpzs\/index.php?rest_route=\/wp\/v2\/pages\/1368\/revisions\/1371"}],"up":[{"embeddable":true,"href":"http:\/\/www.oagvm.sk\/wpzs\/index.php?rest_route=\/wp\/v2\/pages\/1352"}],"wp:attachment":[{"href":"http:\/\/www.oagvm.sk\/wpzs\/index.php?rest_route=%2Fwp%2Fv2%2Fmedia&parent=1368"}],"curies":[{"name":"wp","href":"https:\/\/api.w.org\/{rel}","templated":true}]}}