{"id":1375,"date":"2020-11-09T18:15:20","date_gmt":"2020-11-09T17:15:20","guid":{"rendered":"http:\/\/www.oagvm.sk\/wpzs\/?page_id=1375"},"modified":"2020-11-09T18:17:27","modified_gmt":"2020-11-09T17:17:27","slug":"papirgyujtes-zber-papiera-2019-oktober","status":"publish","type":"page","link":"http:\/\/www.oagvm.sk\/wpzs\/?page_id=1375","title":{"rendered":"Pap\u00edrgy\u0171jt\u00e9s \u2013 Zber papiera 2019. Okt\u00f3ber"},"content":{"rendered":"<p style=\"text-align: center;\"><img loading=\"lazy\" class=\"alignnone size-full wp-image-1357\" src=\"http:\/\/www.oagvm.sk\/wpzs\/wp-content\/uploads\/2020\/11\/p1.jpg\" alt=\"\" width=\"600\" height=\"450\" srcset=\"http:\/\/www.oagvm.sk\/wpzs\/wp-content\/uploads\/2020\/11\/p1.jpg 600w, http:\/\/www.oagvm.sk\/wpzs\/wp-content\/uploads\/2020\/11\/p1-300x225.jpg 300w\" sizes=\"(max-width: 600px) 100vw, 600px\" \/> <img loading=\"lazy\" class=\"alignnone size-full wp-image-1358\" src=\"http:\/\/www.oagvm.sk\/wpzs\/wp-content\/uploads\/2020\/11\/p2.jpg\" alt=\"\" width=\"600\" height=\"399\" srcset=\"http:\/\/www.oagvm.sk\/wpzs\/wp-content\/uploads\/2020\/11\/p2.jpg 600w, http:\/\/www.oagvm.sk\/wpzs\/wp-content\/uploads\/2020\/11\/p2-300x200.jpg 300w\" sizes=\"(max-width: 600px) 100vw, 600px\" \/><\/p>\n","protected":false},"excerpt":{"rendered":"","protected":false},"author":1,"featured_media":0,"parent":0,"menu_order":0,"comment_status":"closed","ping_status":"closed","template":"","meta":[],"_links":{"self":[{"href":"http:\/\/www.oagvm.sk\/wpzs\/index.php?rest_route=\/wp\/v2\/pages\/1375"}],"collection":[{"href":"http:\/\/www.oagvm.sk\/wpzs\/index.php?rest_route=\/wp\/v2\/pages"}],"about":[{"href":"http:\/\/www.oagvm.sk\/wpzs\/index.php?rest_route=\/wp\/v2\/types\/page"}],"author":[{"embeddable":true,"href":"http:\/\/www.oagvm.sk\/wpzs\/index.php?rest_route=\/wp\/v2\/users\/1"}],"replies":[{"embeddable":true,"href":"http:\/\/www.oagvm.sk\/wpzs\/index.php?rest_route=%2Fwp%2Fv2%2Fcomments&post=1375"}],"version-history":[{"count":2,"href":"http:\/\/www.oagvm.sk\/wpzs\/index.php?rest_route=\/wp\/v2\/pages\/1375\/revisions"}],"predecessor-version":[{"id":1379,"href":"http:\/\/www.oagvm.sk\/wpzs\/index.php?rest_route=\/wp\/v2\/pages\/1375\/revisions\/1379"}],"wp:attachment":[{"href":"http:\/\/www.oagvm.sk\/wpzs\/index.php?rest_route=%2Fwp%2Fv2%2Fmedia&parent=1375"}],"curies":[{"name":"wp","href":"https:\/\/api.w.org\/{rel}","templated":true}]}}