{"id":1385,"date":"2020-11-26T08:11:50","date_gmt":"2020-11-26T07:11:50","guid":{"rendered":"http:\/\/www.oagvm.sk\/wpzs\/?page_id=1385"},"modified":"2020-12-01T15:08:05","modified_gmt":"2020-12-01T14:08:05","slug":"2020-2021","status":"publish","type":"page","link":"http:\/\/www.oagvm.sk\/wpzs\/?page_id=1385","title":{"rendered":"2020\/2021"},"content":{"rendered":"<h2 style=\"text-align: center;\"><span style=\"font-family: 'comic sans ms', sans-serif; color: #008000; font-size: 24pt;\">Egy &#8220;z\u00f6ld nap&#8221; &#8211; foglalkoz\u00e1sok a projekt aktivist\u00e1inak\u00a0<\/span><\/h2>\n<h2 style=\"text-align: center;\"><span style=\"font-family: 'comic sans ms', sans-serif; color: #008000; font-size: 24pt;\">Enviroment\u00e1lny de\u0148 pre aktivistov projektu<\/span><\/h2>\n<p style=\"text-align: center;\">\r\n        <div id='hislider5' style=\"width:600px;  height:450px; margin: 0 auto;\">\r\n        \t<ul style=\"display: none;overflow: hidden; height: 0; visibility: hidden; opacity: 0;\">\r\n<li>\r\n<div>\r\n<img data-src=\"http:\/\/www.oagvm.sk\/wpzs\/wp-content\/uploads\/hislider\/5\/images\/zoldnap-01.jpg\" data-thumb-src=\"http:\/\/www.oagvm.sk\/wpzs\/wp-content\/uploads\/hislider\/5\/images\/zoldnap-01-th.jpg\" title=\"zoldnap-01\" alt=\"\" data-content-type=\"image\" data-content=\"\" data-interval=\"-1\"\/>\r\n <div data-type=\"effect\" data-effect-type=\"Wipe\" data-duration=1500 data-direction=\"Horizontal\"><\/div>\r\n<\/div>\r\n<\/li>\r\n<li>\r\n<div>\r\n<img data-src=\"http:\/\/www.oagvm.sk\/wpzs\/wp-content\/uploads\/hislider\/5\/images\/zoldnap-02.jpg\" data-thumb-src=\"http:\/\/www.oagvm.sk\/wpzs\/wp-content\/uploads\/hislider\/5\/images\/zoldnap-02-th.jpg\" title=\"zoldnap-02\" alt=\"\" data-content-type=\"image\" data-content=\"\" data-interval=\"-1\"\/>\r\n <div data-type=\"effect\" data-effect-type=\"Wipe\" data-duration=1500 data-direction=\"Horizontal\"><\/div>\r\n<\/div>\r\n<\/li>\r\n<li>\r\n<div>\r\n<img data-src=\"http:\/\/www.oagvm.sk\/wpzs\/wp-content\/uploads\/hislider\/5\/images\/zoldnap-03.jpg\" data-thumb-src=\"http:\/\/www.oagvm.sk\/wpzs\/wp-content\/uploads\/hislider\/5\/images\/zoldnap-03-th.jpg\" title=\"zoldnap-03\" alt=\"\" data-content-type=\"image\" data-content=\"\" data-interval=\"-1\"\/>\r\n <div data-type=\"effect\" data-effect-type=\"Wipe\" data-duration=1500 data-direction=\"Horizontal\"><\/div>\r\n<\/div>\r\n<\/li>\r\n<li>\r\n<div>\r\n<img data-src=\"http:\/\/www.oagvm.sk\/wpzs\/wp-content\/uploads\/hislider\/5\/images\/zoldnap-04.jpg\" data-thumb-src=\"http:\/\/www.oagvm.sk\/wpzs\/wp-content\/uploads\/hislider\/5\/images\/zoldnap-04-th.jpg\" title=\"zoldnap-04\" alt=\"\" data-content-type=\"image\" data-content=\"\" data-interval=\"-1\"\/>\r\n <div data-type=\"effect\" data-effect-type=\"Wipe\" data-duration=1500 data-direction=\"Horizontal\"><\/div>\r\n<\/div>\r\n<\/li>\r\n<li>\r\n<div>\r\n<img data-src=\"http:\/\/www.oagvm.sk\/wpzs\/wp-content\/uploads\/hislider\/5\/images\/zoldnap-05.jpg\" data-thumb-src=\"http:\/\/www.oagvm.sk\/wpzs\/wp-content\/uploads\/hislider\/5\/images\/zoldnap-05-th.jpg\" title=\"zoldnap-05\" alt=\"\" data-content-type=\"image\" data-content=\"\" data-interval=\"-1\"\/>\r\n <div data-type=\"effect\" data-effect-type=\"Wipe\" data-duration=1500 data-direction=\"Horizontal\"><\/div>\r\n<\/div>\r\n<\/li>\r\n<li>\r\n<div>\r\n<img data-src=\"http:\/\/www.oagvm.sk\/wpzs\/wp-content\/uploads\/hislider\/5\/images\/zoldnap-06.jpg\" data-thumb-src=\"http:\/\/www.oagvm.sk\/wpzs\/wp-content\/uploads\/hislider\/5\/images\/zoldnap-06-th.jpg\" title=\"zoldnap-06\" alt=\"\" data-content-type=\"image\" data-content=\"\" data-interval=\"-1\"\/>\r\n <div data-type=\"effect\" data-effect-type=\"Wipe\" data-duration=1500 data-direction=\"Horizontal\"><\/div>\r\n<\/div>\r\n<\/li>\r\n<li>\r\n<div>\r\n<img data-src=\"http:\/\/www.oagvm.sk\/wpzs\/wp-content\/uploads\/hislider\/5\/images\/zoldnap-07.jpg\" data-thumb-src=\"http:\/\/www.oagvm.sk\/wpzs\/wp-content\/uploads\/hislider\/5\/images\/zoldnap-07-th.jpg\" title=\"zoldnap-07\" alt=\"\" data-content-type=\"image\" data-content=\"\" data-interval=\"-1\"\/>\r\n <div data-type=\"effect\" data-effect-type=\"Wipe\" data-duration=1500 data-direction=\"Horizontal\"><\/div>\r\n<\/div>\r\n<\/li>\r\n<li>\r\n<div>\r\n<img data-src=\"http:\/\/www.oagvm.sk\/wpzs\/wp-content\/uploads\/hislider\/5\/images\/zoldnap-08.jpg\" data-thumb-src=\"http:\/\/www.oagvm.sk\/wpzs\/wp-content\/uploads\/hislider\/5\/images\/zoldnap-08-th.jpg\" title=\"zoldnap-08\" alt=\"\" data-content-type=\"image\" data-content=\"\" data-interval=\"-1\"\/>\r\n <div data-type=\"effect\" data-effect-type=\"Wipe\" data-duration=1500 data-direction=\"Horizontal\"><\/div>\r\n<\/div>\r\n<\/li>\r\n<li>\r\n<div>\r\n<img data-src=\"http:\/\/www.oagvm.sk\/wpzs\/wp-content\/uploads\/hislider\/5\/images\/zoldnap-09.jpg\" data-thumb-src=\"http:\/\/www.oagvm.sk\/wpzs\/wp-content\/uploads\/hislider\/5\/images\/zoldnap-09-th.jpg\" title=\"zoldnap-09\" alt=\"\" data-content-type=\"image\" data-content=\"\" data-interval=\"-1\"\/>\r\n <div data-type=\"effect\" data-effect-type=\"Wipe\" data-duration=1500 data-direction=\"Horizontal\"><\/div>\r\n<\/div>\r\n<\/li>\r\n<li>\r\n<div>\r\n<img data-src=\"http:\/\/www.oagvm.sk\/wpzs\/wp-content\/uploads\/hislider\/5\/images\/zoldnap-10.jpg\" data-thumb-src=\"http:\/\/www.oagvm.sk\/wpzs\/wp-content\/uploads\/hislider\/5\/images\/zoldnap-10-th.jpg\" title=\"zoldnap-10\" alt=\"\" data-content-type=\"image\" data-content=\"\" data-interval=\"-1\"\/>\r\n <div data-type=\"effect\" data-effect-type=\"Wipe\" data-duration=1500 data-direction=\"Horizontal\"><\/div>\r\n<\/div>\r\n<\/li>\r\n<li>\r\n<div>\r\n<img data-src=\"http:\/\/www.oagvm.sk\/wpzs\/wp-content\/uploads\/hislider\/5\/images\/zoldnap-11.jpg\" data-thumb-src=\"http:\/\/www.oagvm.sk\/wpzs\/wp-content\/uploads\/hislider\/5\/images\/zoldnap-11-th.jpg\" title=\"zoldnap-11\" alt=\"\" data-content-type=\"image\" data-content=\"\" data-interval=\"-1\"\/>\r\n <div data-type=\"effect\" data-effect-type=\"Wipe\" data-duration=1500 data-direction=\"Horizontal\"><\/div>\r\n<\/div>\r\n<\/li>\r\n<li>\r\n<div>\r\n<img data-src=\"http:\/\/www.oagvm.sk\/wpzs\/wp-content\/uploads\/hislider\/5\/images\/zoldnap-12.jpg\" data-thumb-src=\"http:\/\/www.oagvm.sk\/wpzs\/wp-content\/uploads\/hislider\/5\/images\/zoldnap-12-th.jpg\" title=\"zoldnap-12\" alt=\"\" data-content-type=\"image\" data-content=\"\" data-interval=\"-1\"\/>\r\n <div data-type=\"effect\" data-effect-type=\"Wipe\" data-duration=1500 data-direction=\"Horizontal\"><\/div>\r\n<\/div>\r\n<\/li>\r\n<li>\r\n<div>\r\n<img data-src=\"http:\/\/www.oagvm.sk\/wpzs\/wp-content\/uploads\/hislider\/5\/images\/zoldnap-13.jpg\" data-thumb-src=\"http:\/\/www.oagvm.sk\/wpzs\/wp-content\/uploads\/hislider\/5\/images\/zoldnap-13-th.jpg\" title=\"zoldnap-13\" alt=\"\" data-content-type=\"image\" data-content=\"\" data-interval=\"-1\"\/>\r\n <div data-type=\"effect\" data-effect-type=\"Wipe\" data-duration=1500 data-direction=\"Horizontal\"><\/div>\r\n<\/div>\r\n<\/li>\r\n<li>\r\n<div>\r\n<img data-src=\"http:\/\/www.oagvm.sk\/wpzs\/wp-content\/uploads\/hislider\/5\/images\/zoldnap-14.jpg\" data-thumb-src=\"http:\/\/www.oagvm.sk\/wpzs\/wp-content\/uploads\/hislider\/5\/images\/zoldnap-14-th.jpg\" title=\"zoldnap-14\" alt=\"\" data-content-type=\"image\" data-content=\"\" data-interval=\"-1\"\/>\r\n <div data-type=\"effect\" data-effect-type=\"Wipe\" data-duration=1500 data-direction=\"Horizontal\"><\/div>\r\n<\/div>\r\n<\/li>\r\n<li>\r\n<div>\r\n<img data-src=\"http:\/\/www.oagvm.sk\/wpzs\/wp-content\/uploads\/hislider\/5\/images\/zoldnap-15.jpg\" data-thumb-src=\"http:\/\/www.oagvm.sk\/wpzs\/wp-content\/uploads\/hislider\/5\/images\/zoldnap-15-th.jpg\" title=\"zoldnap-15\" alt=\"\" data-content-type=\"image\" data-content=\"\" data-interval=\"-1\"\/>\r\n <div data-type=\"effect\" data-effect-type=\"Wipe\" data-duration=1500 data-direction=\"Horizontal\"><\/div>\r\n<\/div>\r\n<\/li>\r\n<li>\r\n<div>\r\n<img data-src=\"http:\/\/www.oagvm.sk\/wpzs\/wp-content\/uploads\/hislider\/5\/images\/zoldnap-16.jpg\" data-thumb-src=\"http:\/\/www.oagvm.sk\/wpzs\/wp-content\/uploads\/hislider\/5\/images\/zoldnap-16-th.jpg\" title=\"zoldnap-16\" alt=\"\" data-content-type=\"image\" data-content=\"\" data-interval=\"-1\"\/>\r\n <div data-type=\"effect\" data-effect-type=\"Wipe\" data-duration=1500 data-direction=\"Horizontal\"><\/div>\r\n<\/div>\r\n<\/li>\r\n<li>\r\n<div>\r\n<img data-src=\"http:\/\/www.oagvm.sk\/wpzs\/wp-content\/uploads\/hislider\/5\/images\/zoldnap-17.jpg\" data-thumb-src=\"http:\/\/www.oagvm.sk\/wpzs\/wp-content\/uploads\/hislider\/5\/images\/zoldnap-17-th.jpg\" title=\"zoldnap-17\" alt=\"\" data-content-type=\"image\" data-content=\"\" data-interval=\"-1\"\/>\r\n <div data-type=\"effect\" data-effect-type=\"Wipe\" data-duration=1500 data-direction=\"Horizontal\"><\/div>\r\n<\/div>\r\n<\/li>\r\n<li>\r\n<div>\r\n<img data-src=\"http:\/\/www.oagvm.sk\/wpzs\/wp-content\/uploads\/hislider\/5\/images\/zoldnap-18.jpg\" data-thumb-src=\"http:\/\/www.oagvm.sk\/wpzs\/wp-content\/uploads\/hislider\/5\/images\/zoldnap-18-th.jpg\" title=\"zoldnap-18\" alt=\"\" data-content-type=\"image\" data-content=\"\" data-interval=\"-1\"\/>\r\n <div data-type=\"effect\" data-effect-type=\"Wipe\" data-duration=1500 data-direction=\"Horizontal\"><\/div>\r\n<\/div>\r\n<\/li>\r\n<li>\r\n<div>\r\n<img data-src=\"http:\/\/www.oagvm.sk\/wpzs\/wp-content\/uploads\/hislider\/5\/images\/zoldnap-19.jpg\" data-thumb-src=\"http:\/\/www.oagvm.sk\/wpzs\/wp-content\/uploads\/hislider\/5\/images\/zoldnap-19-th.jpg\" title=\"zoldnap-19\" alt=\"\" data-content-type=\"image\" data-content=\"\" data-interval=\"-1\"\/>\r\n <div data-type=\"effect\" data-effect-type=\"Wipe\" data-duration=1500 data-direction=\"Horizontal\"><\/div>\r\n<\/div>\r\n<\/li>\r\n<li>\r\n<div>\r\n<img data-src=\"http:\/\/www.oagvm.sk\/wpzs\/wp-content\/uploads\/hislider\/5\/images\/zoldnap-20.jpg\" data-thumb-src=\"http:\/\/www.oagvm.sk\/wpzs\/wp-content\/uploads\/hislider\/5\/images\/zoldnap-20-th.jpg\" title=\"zoldnap-20\" alt=\"\" data-content-type=\"image\" data-content=\"\" data-interval=\"-1\"\/>\r\n <div data-type=\"effect\" data-effect-type=\"Wipe\" data-duration=1500 data-direction=\"Horizontal\"><\/div>\r\n<\/div>\r\n<\/li>\r\n<li>\r\n<div>\r\n<img data-src=\"http:\/\/www.oagvm.sk\/wpzs\/wp-content\/uploads\/hislider\/5\/images\/zoldnap-21.jpg\" data-thumb-src=\"http:\/\/www.oagvm.sk\/wpzs\/wp-content\/uploads\/hislider\/5\/images\/zoldnap-21-th.jpg\" title=\"zoldnap-21\" alt=\"\" data-content-type=\"image\" data-content=\"\" data-interval=\"-1\"\/>\r\n <div data-type=\"effect\" data-effect-type=\"Wipe\" data-duration=1500 data-direction=\"Horizontal\"><\/div>\r\n<\/div>\r\n<\/li>\r\n<li>\r\n<div>\r\n<img data-src=\"http:\/\/www.oagvm.sk\/wpzs\/wp-content\/uploads\/hislider\/5\/images\/zoldnap-22.jpg\" data-thumb-src=\"http:\/\/www.oagvm.sk\/wpzs\/wp-content\/uploads\/hislider\/5\/images\/zoldnap-22-th.jpg\" title=\"zoldnap-22\" alt=\"\" data-content-type=\"image\" data-content=\"\" data-interval=\"-1\"\/>\r\n <div data-type=\"effect\" data-effect-type=\"Wipe\" data-duration=1500 data-direction=\"Horizontal\"><\/div>\r\n<\/div>\r\n<\/li>\r\n<li>\r\n<div>\r\n<img data-src=\"http:\/\/www.oagvm.sk\/wpzs\/wp-content\/uploads\/hislider\/5\/images\/zoldnap-23.jpg\" data-thumb-src=\"http:\/\/www.oagvm.sk\/wpzs\/wp-content\/uploads\/hislider\/5\/images\/zoldnap-23-th.jpg\" title=\"zoldnap\" alt=\"\" data-content-type=\"image\" data-content=\"\" data-interval=\"-1\"\/>\r\n <div data-type=\"effect\" data-effect-type=\"Wipe\" data-duration=1500 data-direction=\"Horizontal\"><\/div>\r\n<\/div>\r\n<\/li>\r\n<\/ul>\r\n        \t\r\n        \t<noscript>The slider is powered by <strong>Hi Slider<\/strong>, a easy jQuery image slider from <a target=\"_blank\" href=\"hislider.com\">hislider.com<\/a>. Please enable JavaScript to view.<\/noscript><div class=\"hi-about-text\" style=\"display:none\">This jQuery slider was created with the free <a style=\"color:#FFF;\" href=\"http:\/\/hislider.com\" target=\"_blank\">Hi Slider<\/a> for WordPress plugin,Joomla & Drupal Module from hislider.com.<br \/><br \/><a style=\"color:#FFF;\" href=\"#\" class=\"hi-about-ok\">OK<\/a><\/div><div class=\"hi-slider-watermark\"  style=\"display:none\"><a href=\"http:\/\/hislider.com\" target=\"_blank\">hislider.com<\/a><\/div>\r\n        <\/div>\r\n      <script src=\"http:\/\/www.oagvm.sk\/wpzs\/wp-content\/uploads\/hislider\/5\/js\/jquery.hislider.js\"><\/script>\n<\/p>\n","protected":false},"excerpt":{"rendered":"<p>Egy &#8220;z\u00f6ld nap&#8221; &#8211; foglalkoz\u00e1sok a projekt aktivist\u00e1inak\u00a0 Enviroment\u00e1lny de\u0148 pre aktivistov projektu<\/p>\n","protected":false},"author":1,"featured_media":0,"parent":1292,"menu_order":0,"comment_status":"closed","ping_status":"closed","template":"","meta":[],"_links":{"self":[{"href":"http:\/\/www.oagvm.sk\/wpzs\/index.php?rest_route=\/wp\/v2\/pages\/1385"}],"collection":[{"href":"http:\/\/www.oagvm.sk\/wpzs\/index.php?rest_route=\/wp\/v2\/pages"}],"about":[{"href":"http:\/\/www.oagvm.sk\/wpzs\/index.php?rest_route=\/wp\/v2\/types\/page"}],"author":[{"embeddable":true,"href":"http:\/\/www.oagvm.sk\/wpzs\/index.php?rest_route=\/wp\/v2\/users\/1"}],"replies":[{"embeddable":true,"href":"http:\/\/www.oagvm.sk\/wpzs\/index.php?rest_route=%2Fwp%2Fv2%2Fcomments&post=1385"}],"version-history":[{"count":6,"href":"http:\/\/www.oagvm.sk\/wpzs\/index.php?rest_route=\/wp\/v2\/pages\/1385\/revisions"}],"predecessor-version":[{"id":1392,"href":"http:\/\/www.oagvm.sk\/wpzs\/index.php?rest_route=\/wp\/v2\/pages\/1385\/revisions\/1392"}],"up":[{"embeddable":true,"href":"http:\/\/www.oagvm.sk\/wpzs\/index.php?rest_route=\/wp\/v2\/pages\/1292"}],"wp:attachment":[{"href":"http:\/\/www.oagvm.sk\/wpzs\/index.php?rest_route=%2Fwp%2Fv2%2Fmedia&parent=1385"}],"curies":[{"name":"wp","href":"https:\/\/api.w.org\/{rel}","templated":true}]}}