{"id":1721,"date":"2025-11-17T20:52:04","date_gmt":"2025-11-17T19:52:04","guid":{"rendered":"http:\/\/www.oagvm.sk\/wpzs\/?page_id=1721"},"modified":"2025-11-17T20:52:36","modified_gmt":"2025-11-17T19:52:36","slug":"1721-2","status":"publish","type":"page","link":"http:\/\/www.oagvm.sk\/wpzs\/?page_id=1721","title":{"rendered":"2023\/2024"},"content":{"rendered":"<h3 style=\"text-align: justify;\"><span style=\"font-family: tahoma, arial, helvetica, sans-serif; color: #339966;\"><strong>Nagymegyeri m\u00e1jusfa fel van szalagozva<\/strong><\/span><\/h3>\n<h3 style=\"text-align: justify;\"><span style=\"font-family: tahoma, arial, helvetica, sans-serif;\">\u201cA hagyom\u00e1nyt nem \u00e1polni kell, hisz nem beteg. Nem \u0151rizni kell, mert nem rab. Hagyom\u00e1nyaink csak akkor maradhatnak meg, ha meg\u00e9lj\u00fck \u0151ket!\u201d<\/span><\/h3>\n<h3 style=\"text-align: right;\"><span style=\"font-family: tahoma, arial, helvetica, sans-serif;\">Seb\u0151 Ferenc<\/span><\/h3>\n<h3 style=\"text-align: justify;\"><span style=\"font-family: tahoma, arial, helvetica, sans-serif;\">A m\u00e1jusfa\u00e1ll\u00edt\u00e1s \u2013 melynek gy\u00f6kerei eg\u00e9szen az \u00f3korig ny\u00falnak vissza, s a kereszt\u00e9ny hagyom\u00e1nyban is helyet kapott \u2013 eg\u00e9sz Eur\u00f3p\u00e1ban ismert tavaszk\u00f6sz\u00f6nt\u0151 \u00fcnnep. A m\u00e1jusfa (r\u00e9gi nev\u00e9n: m\u00e1jfa) nemcsak a term\u00e9szet \u00fajj\u00e1sz\u00fclet\u00e9s\u00e9nek, vir\u00e1gba borul\u00e1s\u00e1nak \u00e9s term\u00e9kenys\u00e9g\u00e9nek jelk\u00e9pe, hanem a szerelem \u00e9s az udvarl\u00e1s szimb\u00f3luma is. Ezt a hagyom\u00e1nyt rendszerint \u00e1prilis utols\u00f3 vagy m\u00e1jus els\u0151 napj\u00e1n eleven\u00edtett\u00e9k meg, legink\u00e1bb a fiatalok: a leg\u00e9nyek \u00e9jszaka vagy kora hajnalban \u00e1ll\u00edtott\u00e1k fel a feld\u00edsz\u00edtett f\u00e1t v\u00e1lasztottjuk h\u00e1za el\u00e9, gyakran szeren\u00e1ddal k\u00eds\u00e9rve a gesztust.<\/span><\/h3>\n<h3 style=\"text-align: justify;\"><span style=\"font-family: tahoma, arial, helvetica, sans-serif;\">Ez a r\u00e9gi szok\u00e1s tavaly \u00faj \u00e9letre kelt \u00e9s 2025. \u00e1prilis 30-\u00e1n folytat\u00f3dott a Nagymegyeri Kereskedelmi Akad\u00e9mia Koll\u00e9gium\u00e1nak parkj\u00e1ban. Di\u00e1kok \u00e9s tan\u00e1rok k\u00f6z\u00f6sen gy\u0171ltek \u00f6ssze ezen a naps\u00fct\u00e9ses reggelen, hogy egy\u00fcttes er\u0151vel \u00e1ll\u00edtsanak m\u00e1jusf\u00e1t \u2013 a tavaszi meg\u00fajul\u00e1s \u00e9s az ifj\u00fas\u00e1g \u00e9rzelmi nyitotts\u00e1g\u00e1nak jegy\u00e9ben.<\/span><\/h3>\n<h3 style=\"text-align: justify;\"><span style=\"font-family: tahoma, arial, helvetica, sans-serif;\">A hagyom\u00e1ny folytat\u00e1sa Bertalan Bianka di\u00e1kdiri kezdem\u00e9nyez\u00e9s\u00e9re val\u00f3sult meg, akihez \u00f6r\u00f6mmel csatlakozott az iskola vezet\u0151s\u00e9ge is. A szervez\u00e9sben \u00e9s megval\u00f3s\u00edt\u00e1sban sz\u00e1mos di\u00e1k, pedag\u00f3gus \u00e9s iskolai dolgoz\u00f3 is akt\u00edv szerepet v\u00e1llalt, amit ez\u00faton is h\u00e1l\u00e1san k\u00f6sz\u00f6n\u00fcnk. \u00d6sszefog\u00e1suk r\u00e9v\u00e9n int\u00e9zm\u00e9ny\u00fcnk egy \u00faj, \u00e9rt\u00e9kes k\u00f6z\u00f6ss\u00e9gi esem\u00e9nnyel gazdagodott.<\/span><\/h3>\n<h3 style=\"text-align: justify;\"><span style=\"font-family: tahoma, arial, helvetica, sans-serif;\">Sokan di\u00e1kjaink k\u00f6z\u00fcl m\u00e1r nem ismert\u00e9k ezt a hagyom\u00e1nyt, \u00e9ppen ez\u00e9rt k\u00fcl\u00f6nleges \u00e9lm\u00e9nyt jelentett egy\u00fctt \u00e1t\u00e9lni, ahogyan a k\u00f6z\u00f6s m\u00e1jusfa \u2013 sz\u00ednes szalagokkal d\u00edsz\u00edtve \u2013 \u00f6sszek\u00f6t \u00e9s k\u00f6z\u00f6ss\u00e9gg\u00e9 form\u00e1l benn\u00fcnket.<\/span><\/h3>\n<h3 style=\"text-align: right;\"><span style=\"font-family: tahoma, arial, helvetica, sans-serif;\">Papp L\u00e1szl\u00f3, az iskola tan\u00e1ra<\/span><\/h3>\n<h3 style=\"text-align: justify;\"><span style=\"font-family: tahoma, arial, helvetica, sans-serif; color: #339966;\"><strong>Stavanie m\u00e1ja v\u00a0parku obchodnej akad\u00e9mie<\/strong><\/span><\/h3>\n<h3 style=\"text-align: justify;\"><span style=\"font-family: tahoma, arial, helvetica, sans-serif;\">M\u00e1j je od nepam\u00e4ti vn\u00edman\u00fd ako mesiac l\u00e1sky, ale aj obdobie obnovy a nov\u00e9ho \u017eivota. Zelenaj\u00faca sa pr\u00edroda v n\u00e1s preb\u00fadza svie\u017eos\u0165, mlados\u0165 a rados\u0165 zo \u017eivota. Stromy, ako v\u00fdnimo\u010dn\u00e9 symboly medzi rastlinami, v minulosti predstavovali z\u00e1pas jari so zimou, \u017eivota so smr\u0165ou. U\u017e v stredoveku bolo na Slovensku zvykom, \u017ee ml\u00e1denci stavali pred domy svojich vyvolen\u00fdch ozdoben\u00e9 stromy \u2013 m\u00e1je. Tieto pestrofarebn\u00fdmi stuhami a papierikmi vyzdoben\u00e9 stromy boli vyjadren\u00edm n\u00e1klonnosti a obdivu, no z\u00e1rove\u0148 mali aj ochrann\u00fd v\u00fdznam \u2013 \u013eudia verili, \u017ee m\u00e1je odh\u00e1\u0148aj\u00fa zl\u00e9 sily a prin\u00e1\u0161aj\u00fa zdravie a hojnos\u0165. Pre ro\u013en\u00edkov bola m\u00e1jov\u00e1 zele\u0148 pr\u00eds\u013eubom bohatej \u00farody.<\/span><\/h3>\n<h3 style=\"text-align: justify;\"><span style=\"font-family: tahoma, arial, helvetica, sans-serif;\">V tomto duchu sa nieslo aj podujatie, ktor\u00e9 sa uskuto\u010dnilo 30. apr\u00edla 2025 v parku \u0160tudentsk\u00e9ho domova Obchodnej akad\u00e9mie vo Ve\u013ekom Mederi. V skor\u00fdch rann\u00fdch hodin\u00e1ch sa tam zi\u0161li \u017eiaci, u\u010ditelia aj zamestnanci \u0161koly, aby spolo\u010dne postavili m\u00e1j a o\u017eivili tak kr\u00e1snu trad\u00edciu na\u0161ich predkov.<\/span><\/h3>\n<h3 style=\"text-align: justify;\"><span style=\"font-family: tahoma, arial, helvetica, sans-serif;\">Inici\u00e1torkou tejto my\u0161lienky bola \u0161tudentsk\u00e1 riadite\u013eka Bianka Bertalan, ktorej patr\u00ed ve\u013ek\u00e1 v\u010faka za podnet a organiz\u00e1ciu. Spolo\u010dne postaven\u00fd m\u00e1j sa tak stal nielen symbolom jari, ale aj s\u00fadr\u017enosti a priate\u013estva celej \u0161kolskej komunity.<\/span><\/h3>\n<h3 style=\"text-align: right;\"><span style=\"font-family: tahoma, arial, helvetica, sans-serif;\">Mgr. Monika Vargov\u00e1, u\u010dite\u013eka \u0161koly<\/span><\/h3>\n<div id=\"metaslider-id-1722\" style=\"max-width: 801px; margin: 0 auto;\" class=\"ml-slider-3-15-3 metaslider metaslider-flex metaslider-1722 ml-slider nav-hidden\">\n    <div id=\"metaslider_container_1722\">\n        <div id=\"metaslider_1722\">\n            <ul aria-live=\"polite\" class=\"slides\">\n                <li style=\"display: block; width: 100%;\" class=\"slide-1740 ms-image\"><img width=\"900\" height=\"520\" src=\"http:\/\/www.oagvm.sk\/wpzs\/wp-content\/uploads\/2025\/11\/1.jpg\" class=\"slider-1722 slide-1740\" alt=\"\" loading=\"lazy\" rel=\"\" title=\"1\" srcset=\"http:\/\/www.oagvm.sk\/wpzs\/wp-content\/uploads\/2025\/11\/1.jpg 900w, http:\/\/www.oagvm.sk\/wpzs\/wp-content\/uploads\/2025\/11\/1-300x173.jpg 300w, http:\/\/www.oagvm.sk\/wpzs\/wp-content\/uploads\/2025\/11\/1-768x444.jpg 768w\" sizes=\"(max-width: 900px) 100vw, 900px\" \/><\/li>\n                <li style=\"display: none; width: 100%;\" class=\"slide-1741 ms-image\"><img width=\"900\" height=\"600\" src=\"http:\/\/www.oagvm.sk\/wpzs\/wp-content\/uploads\/2025\/11\/2.jpg\" class=\"slider-1722 slide-1741\" alt=\"\" loading=\"lazy\" rel=\"\" title=\"2\" srcset=\"http:\/\/www.oagvm.sk\/wpzs\/wp-content\/uploads\/2025\/11\/2.jpg 900w, http:\/\/www.oagvm.sk\/wpzs\/wp-content\/uploads\/2025\/11\/2-300x200.jpg 300w, http:\/\/www.oagvm.sk\/wpzs\/wp-content\/uploads\/2025\/11\/2-768x512.jpg 768w\" sizes=\"(max-width: 900px) 100vw, 900px\" \/><\/li>\n                <li style=\"display: none; width: 100%;\" class=\"slide-1742 ms-image\"><img width=\"506\" height=\"900\" src=\"http:\/\/www.oagvm.sk\/wpzs\/wp-content\/uploads\/2025\/11\/3.jpg\" class=\"slider-1722 slide-1742\" alt=\"\" loading=\"lazy\" rel=\"\" title=\"3\" srcset=\"http:\/\/www.oagvm.sk\/wpzs\/wp-content\/uploads\/2025\/11\/3.jpg 506w, http:\/\/www.oagvm.sk\/wpzs\/wp-content\/uploads\/2025\/11\/3-169x300.jpg 169w\" sizes=\"(max-width: 506px) 100vw, 506px\" \/><\/li>\n                <li style=\"display: none; width: 100%;\" class=\"slide-1743 ms-image\"><img width=\"900\" height=\"506\" src=\"http:\/\/www.oagvm.sk\/wpzs\/wp-content\/uploads\/2025\/11\/4.jpg\" class=\"slider-1722 slide-1743\" alt=\"\" loading=\"lazy\" rel=\"\" title=\"4\" srcset=\"http:\/\/www.oagvm.sk\/wpzs\/wp-content\/uploads\/2025\/11\/4.jpg 900w, http:\/\/www.oagvm.sk\/wpzs\/wp-content\/uploads\/2025\/11\/4-300x169.jpg 300w, http:\/\/www.oagvm.sk\/wpzs\/wp-content\/uploads\/2025\/11\/4-768x432.jpg 768w\" sizes=\"(max-width: 900px) 100vw, 900px\" \/><\/li>\n                <li style=\"display: none; width: 100%;\" class=\"slide-1744 ms-image\"><img width=\"900\" height=\"600\" src=\"http:\/\/www.oagvm.sk\/wpzs\/wp-content\/uploads\/2025\/11\/5.jpg\" class=\"slider-1722 slide-1744\" alt=\"\" loading=\"lazy\" rel=\"\" title=\"5\" srcset=\"http:\/\/www.oagvm.sk\/wpzs\/wp-content\/uploads\/2025\/11\/5.jpg 900w, http:\/\/www.oagvm.sk\/wpzs\/wp-content\/uploads\/2025\/11\/5-300x200.jpg 300w, http:\/\/www.oagvm.sk\/wpzs\/wp-content\/uploads\/2025\/11\/5-768x512.jpg 768w\" sizes=\"(max-width: 900px) 100vw, 900px\" \/><\/li>\n                <li style=\"display: none; width: 100%;\" class=\"slide-1745 ms-image\"><img width=\"900\" height=\"600\" src=\"http:\/\/www.oagvm.sk\/wpzs\/wp-content\/uploads\/2025\/11\/6.jpg\" class=\"slider-1722 slide-1745\" alt=\"\" loading=\"lazy\" rel=\"\" title=\"6\" srcset=\"http:\/\/www.oagvm.sk\/wpzs\/wp-content\/uploads\/2025\/11\/6.jpg 900w, http:\/\/www.oagvm.sk\/wpzs\/wp-content\/uploads\/2025\/11\/6-300x200.jpg 300w, http:\/\/www.oagvm.sk\/wpzs\/wp-content\/uploads\/2025\/11\/6-768x512.jpg 768w\" sizes=\"(max-width: 900px) 100vw, 900px\" \/><\/li>\n                <li style=\"display: none; width: 100%;\" class=\"slide-1746 ms-image\"><img width=\"600\" height=\"900\" src=\"http:\/\/www.oagvm.sk\/wpzs\/wp-content\/uploads\/2025\/11\/7.jpg\" class=\"slider-1722 slide-1746\" alt=\"\" loading=\"lazy\" rel=\"\" title=\"7\" srcset=\"http:\/\/www.oagvm.sk\/wpzs\/wp-content\/uploads\/2025\/11\/7.jpg 600w, http:\/\/www.oagvm.sk\/wpzs\/wp-content\/uploads\/2025\/11\/7-200x300.jpg 200w\" sizes=\"(max-width: 600px) 100vw, 600px\" \/><\/li>\n                <li style=\"display: none; width: 100%;\" class=\"slide-1747 ms-image\"><img width=\"506\" height=\"900\" src=\"http:\/\/www.oagvm.sk\/wpzs\/wp-content\/uploads\/2025\/11\/8.jpg\" class=\"slider-1722 slide-1747\" alt=\"\" loading=\"lazy\" rel=\"\" title=\"8\" srcset=\"http:\/\/www.oagvm.sk\/wpzs\/wp-content\/uploads\/2025\/11\/8.jpg 506w, http:\/\/www.oagvm.sk\/wpzs\/wp-content\/uploads\/2025\/11\/8-169x300.jpg 169w\" sizes=\"(max-width: 506px) 100vw, 506px\" \/><\/li>\n                <li style=\"display: none; width: 100%;\" class=\"slide-1748 ms-image\"><img width=\"506\" height=\"900\" src=\"http:\/\/www.oagvm.sk\/wpzs\/wp-content\/uploads\/2025\/11\/9.jpg\" class=\"slider-1722 slide-1748\" alt=\"\" loading=\"lazy\" rel=\"\" title=\"9\" srcset=\"http:\/\/www.oagvm.sk\/wpzs\/wp-content\/uploads\/2025\/11\/9.jpg 506w, http:\/\/www.oagvm.sk\/wpzs\/wp-content\/uploads\/2025\/11\/9-169x300.jpg 169w\" sizes=\"(max-width: 506px) 100vw, 506px\" \/><\/li>\n                <li style=\"display: none; width: 100%;\" class=\"slide-1749 ms-image\"><img width=\"506\" height=\"900\" src=\"http:\/\/www.oagvm.sk\/wpzs\/wp-content\/uploads\/2025\/11\/10.jpg\" class=\"slider-1722 slide-1749\" alt=\"\" loading=\"lazy\" rel=\"\" title=\"10\" srcset=\"http:\/\/www.oagvm.sk\/wpzs\/wp-content\/uploads\/2025\/11\/10.jpg 506w, http:\/\/www.oagvm.sk\/wpzs\/wp-content\/uploads\/2025\/11\/10-169x300.jpg 169w\" sizes=\"(max-width: 506px) 100vw, 506px\" \/><\/li>\n                <li style=\"display: none; width: 100%;\" class=\"slide-1750 ms-image\"><img width=\"600\" height=\"900\" src=\"http:\/\/www.oagvm.sk\/wpzs\/wp-content\/uploads\/2025\/11\/11.jpg\" class=\"slider-1722 slide-1750\" alt=\"\" loading=\"lazy\" rel=\"\" title=\"11\" srcset=\"http:\/\/www.oagvm.sk\/wpzs\/wp-content\/uploads\/2025\/11\/11.jpg 600w, http:\/\/www.oagvm.sk\/wpzs\/wp-content\/uploads\/2025\/11\/11-200x300.jpg 200w\" sizes=\"(max-width: 600px) 100vw, 600px\" \/><\/li>\n                <li style=\"display: none; width: 100%;\" class=\"slide-1751 ms-image\"><img width=\"900\" height=\"814\" src=\"http:\/\/www.oagvm.sk\/wpzs\/wp-content\/uploads\/2025\/11\/12-.jpg\" class=\"slider-1722 slide-1751\" alt=\"\" loading=\"lazy\" rel=\"\" title=\"12\" srcset=\"http:\/\/www.oagvm.sk\/wpzs\/wp-content\/uploads\/2025\/11\/12-.jpg 900w, http:\/\/www.oagvm.sk\/wpzs\/wp-content\/uploads\/2025\/11\/12--300x271.jpg 300w, http:\/\/www.oagvm.sk\/wpzs\/wp-content\/uploads\/2025\/11\/12--768x695.jpg 768w\" sizes=\"(max-width: 900px) 100vw, 900px\" \/><\/li>\n                <li style=\"display: none; width: 100%;\" class=\"slide-1752 ms-image\"><img width=\"900\" height=\"849\" src=\"http:\/\/www.oagvm.sk\/wpzs\/wp-content\/uploads\/2025\/11\/13.jpg\" class=\"slider-1722 slide-1752\" alt=\"\" loading=\"lazy\" rel=\"\" title=\"13\" srcset=\"http:\/\/www.oagvm.sk\/wpzs\/wp-content\/uploads\/2025\/11\/13.jpg 900w, http:\/\/www.oagvm.sk\/wpzs\/wp-content\/uploads\/2025\/11\/13-300x283.jpg 300w, http:\/\/www.oagvm.sk\/wpzs\/wp-content\/uploads\/2025\/11\/13-768x724.jpg 768w\" sizes=\"(max-width: 900px) 100vw, 900px\" \/><\/li>\n                <li style=\"display: none; width: 100%;\" class=\"slide-1753 ms-image\"><img width=\"900\" height=\"616\" src=\"http:\/\/www.oagvm.sk\/wpzs\/wp-content\/uploads\/2025\/11\/14.jpg\" class=\"slider-1722 slide-1753\" alt=\"\" loading=\"lazy\" rel=\"\" title=\"14\" srcset=\"http:\/\/www.oagvm.sk\/wpzs\/wp-content\/uploads\/2025\/11\/14.jpg 900w, http:\/\/www.oagvm.sk\/wpzs\/wp-content\/uploads\/2025\/11\/14-300x205.jpg 300w, http:\/\/www.oagvm.sk\/wpzs\/wp-content\/uploads\/2025\/11\/14-768x526.jpg 768w\" sizes=\"(max-width: 900px) 100vw, 900px\" \/><\/li>\n                <li style=\"display: none; width: 100%;\" class=\"slide-1754 ms-image\"><img width=\"506\" height=\"900\" src=\"http:\/\/www.oagvm.sk\/wpzs\/wp-content\/uploads\/2025\/11\/15.jpg\" class=\"slider-1722 slide-1754\" alt=\"\" loading=\"lazy\" rel=\"\" title=\"15\" srcset=\"http:\/\/www.oagvm.sk\/wpzs\/wp-content\/uploads\/2025\/11\/15.jpg 506w, http:\/\/www.oagvm.sk\/wpzs\/wp-content\/uploads\/2025\/11\/15-169x300.jpg 169w\" sizes=\"(max-width: 506px) 100vw, 506px\" \/><\/li>\n                <li style=\"display: none; width: 100%;\" class=\"slide-1755 ms-image\"><img width=\"553\" height=\"900\" src=\"http:\/\/www.oagvm.sk\/wpzs\/wp-content\/uploads\/2025\/11\/16.jpg\" class=\"slider-1722 slide-1755\" alt=\"\" loading=\"lazy\" rel=\"\" title=\"16\" srcset=\"http:\/\/www.oagvm.sk\/wpzs\/wp-content\/uploads\/2025\/11\/16.jpg 553w, http:\/\/www.oagvm.sk\/wpzs\/wp-content\/uploads\/2025\/11\/16-184x300.jpg 184w\" sizes=\"(max-width: 553px) 100vw, 553px\" \/><\/li>\n                <li style=\"display: none; width: 100%;\" class=\"slide-1756 ms-image\"><img width=\"506\" height=\"900\" src=\"http:\/\/www.oagvm.sk\/wpzs\/wp-content\/uploads\/2025\/11\/17.jpg\" class=\"slider-1722 slide-1756\" alt=\"\" loading=\"lazy\" rel=\"\" title=\"17\" srcset=\"http:\/\/www.oagvm.sk\/wpzs\/wp-content\/uploads\/2025\/11\/17.jpg 506w, http:\/\/www.oagvm.sk\/wpzs\/wp-content\/uploads\/2025\/11\/17-169x300.jpg 169w\" sizes=\"(max-width: 506px) 100vw, 506px\" \/><\/li>\n            <\/ul>\n        <\/div>\n        \n    <\/div>\n<\/div>\n","protected":false},"excerpt":{"rendered":"<p>Nagymegyeri m\u00e1jusfa fel van szalagozva \u201cA hagyom\u00e1nyt nem \u00e1polni kell, hisz nem beteg. Nem \u0151rizni kell, mert nem rab. Hagyom\u00e1nyaink csak akkor maradhatnak meg, ha meg\u00e9lj\u00fck \u0151ket!\u201d Seb\u0151 Ferenc A m\u00e1jusfa\u00e1ll\u00edt\u00e1s \u2013 melynek gy\u00f6kerei eg\u00e9szen az \u00f3korig ny\u00falnak vissza, s a kereszt\u00e9ny hagyom\u00e1nyban is helyet kapott \u2013 eg\u00e9sz Eur\u00f3p\u00e1ban ismert tavaszk\u00f6sz\u00f6nt\u0151 \u00fcnnep. A m\u00e1jusfa (r\u00e9gi &#8230; <a title=\"2023\/2024\" class=\"read-more\" href=\"http:\/\/www.oagvm.sk\/wpzs\/?page_id=1721\">Olvass tov\u00e1bb<span class=\"screen-reader-text\">2023\/2024<\/span><\/a><\/p>\n","protected":false},"author":1,"featured_media":0,"parent":0,"menu_order":0,"comment_status":"closed","ping_status":"closed","template":"","meta":[],"_links":{"self":[{"href":"http:\/\/www.oagvm.sk\/wpzs\/index.php?rest_route=\/wp\/v2\/pages\/1721"}],"collection":[{"href":"http:\/\/www.oagvm.sk\/wpzs\/index.php?rest_route=\/wp\/v2\/pages"}],"about":[{"href":"http:\/\/www.oagvm.sk\/wpzs\/index.php?rest_route=\/wp\/v2\/types\/page"}],"author":[{"embeddable":true,"href":"http:\/\/www.oagvm.sk\/wpzs\/index.php?rest_route=\/wp\/v2\/users\/1"}],"replies":[{"embeddable":true,"href":"http:\/\/www.oagvm.sk\/wpzs\/index.php?rest_route=%2Fwp%2Fv2%2Fcomments&post=1721"}],"version-history":[{"count":2,"href":"http:\/\/www.oagvm.sk\/wpzs\/index.php?rest_route=\/wp\/v2\/pages\/1721\/revisions"}],"predecessor-version":[{"id":1758,"href":"http:\/\/www.oagvm.sk\/wpzs\/index.php?rest_route=\/wp\/v2\/pages\/1721\/revisions\/1758"}],"wp:attachment":[{"href":"http:\/\/www.oagvm.sk\/wpzs\/index.php?rest_route=%2Fwp%2Fv2%2Fmedia&parent=1721"}],"curies":[{"name":"wp","href":"https:\/\/api.w.org\/{rel}","templated":true}]}}